{"id":1313,"date":"2025-02-13T14:58:11","date_gmt":"2025-02-13T14:58:11","guid":{"rendered":"https:\/\/lesnuageux.org\/?page_id=1313"},"modified":"2025-02-13T15:18:52","modified_gmt":"2025-02-13T15:18:52","slug":"parcours-adelie-ester","status":"publish","type":"page","link":"https:\/\/lesnuageux.org\/index.php\/parcours-adelie-ester\/","title":{"rendered":"Parcours Ad\u00e9lie Ester"},"content":{"rendered":"\t\t<div data-elementor-type=\"wp-page\" data-elementor-id=\"1313\" class=\"elementor elementor-1313\">\n\t\t\t\t\t\t<section class=\"elementor-section elementor-top-section elementor-element elementor-element-3915e07 elementor-section-boxed elementor-section-height-default elementor-section-height-default qodef-elementor-content-no\" data-id=\"3915e07\" data-element_type=\"section\">\n\t\t\t\t\t\t<div class=\"elementor-container elementor-column-gap-default\">\n\t\t\t\t\t<div class=\"elementor-column elementor-col-100 elementor-top-column elementor-element elementor-element-59abceb\" data-id=\"59abceb\" data-element_type=\"column\">\n\t\t\t<div class=\"elementor-widget-wrap elementor-element-populated\">\n\t\t\t\t\t\t<div class=\"elementor-element elementor-element-dd4e314 elementor-widget elementor-widget-image\" data-id=\"dd4e314\" data-element_type=\"widget\" data-widget_type=\"image.default\">\n\t\t\t\t<div class=\"elementor-widget-container\">\n\t\t\t\t\t\t\t\t\t\t\t\t\t\t\t<img fetchpriority=\"high\" decoding=\"async\" width=\"1024\" height=\"205\" src=\"https:\/\/lesnuageux.org\/wp-content\/uploads\/2025\/02\/Jose-Luis-Ruiz-Noguero-10-1024x205.png\" class=\"attachment-large size-large wp-image-1316\" alt=\"Texte : Parcours d&#039;Ad\u00e9lie Ester\" srcset=\"https:\/\/lesnuageux.org\/wp-content\/uploads\/2025\/02\/Jose-Luis-Ruiz-Noguero-10-1024x205.png 1024w, https:\/\/lesnuageux.org\/wp-content\/uploads\/2025\/02\/Jose-Luis-Ruiz-Noguero-10-300x60.png 300w, https:\/\/lesnuageux.org\/wp-content\/uploads\/2025\/02\/Jose-Luis-Ruiz-Noguero-10-768x153.png 768w, https:\/\/lesnuageux.org\/wp-content\/uploads\/2025\/02\/Jose-Luis-Ruiz-Noguero-10.png 1181w\" sizes=\"(max-width: 1024px) 100vw, 1024px\" \/>\t\t\t\t\t\t\t\t\t\t\t\t\t\t\t<\/div>\n\t\t\t\t<\/div>\n\t\t\t\t<div class=\"elementor-element elementor-element-e82b866 elementor-widget elementor-widget-image\" data-id=\"e82b866\" data-element_type=\"widget\" data-widget_type=\"image.default\">\n\t\t\t\t<div class=\"elementor-widget-container\">\n\t\t\t\t\t\t\t\t\t\t\t\t\t\t\t<img decoding=\"async\" width=\"1024\" height=\"511\" src=\"https:\/\/lesnuageux.org\/wp-content\/uploads\/2025\/02\/73D4E1BC-C640-4080-9F4E-7B86D4C676C3_1_105_c-1024x511.jpeg\" class=\"attachment-large size-large wp-image-1317\" alt=\"\" srcset=\"https:\/\/lesnuageux.org\/wp-content\/uploads\/2025\/02\/73D4E1BC-C640-4080-9F4E-7B86D4C676C3_1_105_c-1024x511.jpeg 1024w, https:\/\/lesnuageux.org\/wp-content\/uploads\/2025\/02\/73D4E1BC-C640-4080-9F4E-7B86D4C676C3_1_105_c-300x150.jpeg 300w, https:\/\/lesnuageux.org\/wp-content\/uploads\/2025\/02\/73D4E1BC-C640-4080-9F4E-7B86D4C676C3_1_105_c-768x383.jpeg 768w, https:\/\/lesnuageux.org\/wp-content\/uploads\/2025\/02\/73D4E1BC-C640-4080-9F4E-7B86D4C676C3_1_105_c.jpeg 1254w\" sizes=\"(max-width: 1024px) 100vw, 1024px\" \/>\t\t\t\t\t\t\t\t\t\t\t\t\t\t\t<\/div>\n\t\t\t\t<\/div>\n\t\t\t\t\t<\/div>\n\t\t<\/div>\n\t\t\t\t\t<\/div>\n\t\t<\/section>\n\t\t\t\t<section class=\"elementor-section elementor-top-section elementor-element elementor-element-8d20aa9 elementor-section-boxed elementor-section-height-default elementor-section-height-default qodef-elementor-content-no\" data-id=\"8d20aa9\" data-element_type=\"section\">\n\t\t\t\t\t\t<div class=\"elementor-container elementor-column-gap-default\">\n\t\t\t\t\t<div class=\"elementor-column elementor-col-100 elementor-top-column elementor-element elementor-element-4193a90\" data-id=\"4193a90\" data-element_type=\"column\" data-settings=\"{&quot;background_background&quot;:&quot;classic&quot;}\">\n\t\t\t<div class=\"elementor-widget-wrap elementor-element-populated\">\n\t\t\t\t\t\t<div class=\"elementor-element elementor-element-1d9d8da elementor-widget elementor-widget-text-editor\" data-id=\"1d9d8da\" data-element_type=\"widget\" data-widget_type=\"text-editor.default\">\n\t\t\t\t<div class=\"elementor-widget-container\">\n\t\t\t\t\t\t\t\t\t<p class=\"cvGsUA direction-ltr align-justify para-style-body\"><span class=\"OYPEnA font-feature-liga-off font-feature-clig-off font-feature-calt-off text-decoration-none text-strikethrough-none\">Ad\u00e9lie Ester<\/span><span class=\"OYPEnA font-feature-liga-off font-feature-clig-off font-feature-calt-off text-decoration-none text-strikethrough-none\"> est chor\u00e9graphe et metteuse-en-sc\u00e8ne. Sa formation comprend la danse, le th\u00e9\u00e2tre et les arts audiovisuels. Elle est \u00e9galement dipl\u00f4m\u00e9e d\u2019un master en diffusion et m\u00e9diation culturelle.<\/span><\/p><p class=\"cvGsUA direction-ltr align-justify para-style-body\"><span class=\"OYPEnA font-feature-liga-off font-feature-clig-off font-feature-calt-off text-decoration-none text-strikethrough-none\">Elle s\u2019est form\u00e9e aupr\u00e8s de diff\u00e9rents chor\u00e9graphes en danse classique, jazz, contemporaine : Jean Alavi et Cathy Bisson (professeurs du Conservatoire National Sup\u00e9rieur de Musique et de Danse de Paris), Lionel Amadot\u00e9, Jean-Claude Gallotta, Yannick Sim\u00e9on, Julie Callet ; et en flamenco : Centro de Arte Flamenco y Danza espa\u00f1ola Amor de Dios (Madrid), Arte Flamenco-Esteban Guarinos (Grenoble).<br \/><\/span><span class=\"OYPEnA font-feature-liga-off font-feature-clig-off font-feature-calt-off text-decoration-none text-strikethrough-none\">En 2021 elle fonde <\/span><span class=\"OYPEnA font-feature-liga-off font-feature-clig-off font-feature-calt-off text-decoration-none text-strikethrough-none\">Les Nuageux<\/span><span class=\"OYPEnA font-feature-liga-off font-feature-clig-off font-feature-calt-off text-decoration-none text-strikethrough-none\">, et dirige son premier projet en tant que chor\u00e9graphe : <\/span><strong><span class=\"OYPEnA font-feature-liga-off font-feature-clig-off font-feature-calt-off text-decoration-none text-strikethrough-none\">Les \u00eatres de papier<\/span><\/strong><span class=\"OYPEnA font-feature-liga-off font-feature-clig-off font-feature-calt-off text-decoration-none text-strikethrough-none\">. En 2023 elle fait partie du programme d\u2019insertion professionnelle du Centre de D\u00e9veloppement Chor\u00e9graphique National &#8211; Le Pacifique (Grenoble) impuls\u00e9 par le Minist\u00e8re de la Culture.<\/span><\/p><p class=\"cvGsUA direction-ltr align-justify para-style-body\"><span class=\"OYPEnA font-feature-liga-off font-feature-clig-off font-feature-calt-off text-decoration-none text-strikethrough-none\">De parents tous deux enseignants, Ad\u00e9lie s\u2019est toujours inspir\u00e9e de ce que l\u2019\u00e9ducation pouvait apporter aux arts et inversement. Elle nourrit un int\u00e9r\u00eat prononc\u00e9 pour la question des droits culturels des enfants et des jeunes.<br \/><\/span><span class=\"OYPEnA font-feature-liga-off font-feature-clig-off font-feature-calt-off text-decoration-none text-strikethrough-none\">En 2023, elle voyage en Espagne pour enrichir son analyse des politiques culturelles fran\u00e7aises et s\u2019inspirer d\u2019autres mani\u00e8res de faire de la m\u00e9diation. Elle collabore avec des projets tels que <a href=\"https:\/\/www.movearteparatodos.com\/\">MOVE arte para todos<\/a> et <a href=\"https:\/\/www.teatroreal.es\/proyectolova\/\">L\u00d3VA<\/a> (L\u2019Op\u00e9ra, un V\u00e9hicule d\u2019Apprentissage), projet artistique et \u00e9ducatif coordonn\u00e9 par le Th\u00e9\u00e2tre Royal de Madrid.<br \/><\/span><span class=\"OYPEnA font-feature-liga-off font-feature-clig-off font-feature-calt-off text-decoration-none text-strikethrough-none\">En 2024, elle cr\u00e9e <\/span><strong><span class=\"OYPEnA font-feature-liga-off font-feature-clig-off font-feature-calt-off text-decoration-none text-strikethrough-none\">La couverture a des rides<\/span><\/strong><span class=\"OYPEnA font-feature-liga-off font-feature-clig-off font-feature-calt-off text-decoration-none text-strikethrough-none\">, spectacle jeune-public autour duquel elle organise plusieurs r\u00e9sidences de cr\u00e9ation au sein de l\u2019ensemble scolaire Les Tilleuls \u00e0 Annecy.<\/span><\/p><p class=\"cvGsUA direction-ltr align-justify para-style-body\"><span class=\"OYPEnA font-feature-liga-off font-feature-clig-off font-feature-calt-off text-decoration-none text-strikethrough-none\">Pour elle, l\u2019art n\u2019est pas un objet que les uns con\u00e7oivent et les autres doivent comprendre, mais un espace de cohabitation, d\u2019exp\u00e9rimentation et d\u2019\u00e9change, dans lequel chacun peut d\u00e9velopper ses capacit\u00e9s cr\u00e9atives pour s\u2019exprimer. Cela l\u2019am\u00e8ne \u00e0 r\u00e9diger deux <a href=\"https:\/\/lesnuageux.org\/ressources\/\">m\u00e9moires de recherche<\/a> autour des droits culturels, de la cr\u00e9ation collective et de l\u2019Education Artistique et Culturelle, \u00e0 collaborer avec l\u2019<a href=\"https:\/\/www.linkedin.com\/posts\/alice-anne-jeandel_observatoiredespolitiquesculturelles-opc-activity-7252966187448381441-wn7D?utm_source=share&amp;utm_medium=member_desktop&amp;rcm=ACoAADOcfagBBbddis5-2lT164Fy3w9sM-5yBB8\">Observatoire des Politiques Culturelles<\/a> et \u00e0 intervenir dans diff\u00e9rents congr\u00e8s et formations (<a href=\"https:\/\/www.congresespectadorsbcn.org\/en\/\">Congr\u00e8s International des Spectateurs de Th\u00e9\u00e2tre de Barcelone<\/a>, <a href=\"https:\/\/ikiko.civiencia.io\/les-nuageux\/\">Congr\u00e8s International de Communication Interculturelle IKIKO<\/a>).<\/span><\/p>\t\t\t\t\t\t\t\t<\/div>\n\t\t\t\t<\/div>\n\t\t\t\t\t<\/div>\n\t\t<\/div>\n\t\t\t\t\t<\/div>\n\t\t<\/section>\n\t\t\t\t<section class=\"elementor-section elementor-top-section elementor-element elementor-element-3c70011 elementor-section-boxed elementor-section-height-default elementor-section-height-default qodef-elementor-content-no\" data-id=\"3c70011\" data-element_type=\"section\">\n\t\t\t\t\t\t<div class=\"elementor-container elementor-column-gap-default\">\n\t\t\t\t\t<div class=\"elementor-column elementor-col-100 elementor-top-column elementor-element elementor-element-4eacf1e\" data-id=\"4eacf1e\" data-element_type=\"column\">\n\t\t\t<div class=\"elementor-widget-wrap elementor-element-populated\">\n\t\t\t\t\t\t<div class=\"elementor-element elementor-element-38322be elementor-widget elementor-widget-spacer\" data-id=\"38322be\" data-element_type=\"widget\" data-widget_type=\"spacer.default\">\n\t\t\t\t<div class=\"elementor-widget-container\">\n\t\t\t\t\t\t\t<div class=\"elementor-spacer\">\n\t\t\t<div class=\"elementor-spacer-inner\"><\/div>\n\t\t<\/div>\n\t\t\t\t\t\t<\/div>\n\t\t\t\t<\/div>\n\t\t\t\t\t<\/div>\n\t\t<\/div>\n\t\t\t\t\t<\/div>\n\t\t<\/section>\n\t\t\t\t<\/div>\n\t\t","protected":false},"excerpt":{"rendered":"<p>Ad\u00e9lie Ester est chor\u00e9graphe et metteuse-en-sc\u00e8ne. Sa formation comprend la danse, le th\u00e9\u00e2tre et les arts audiovisuels. Elle est \u00e9galement [&hellip;]<\/p>\n","protected":false},"author":1,"featured_media":0,"parent":0,"menu_order":0,"comment_status":"closed","ping_status":"closed","template":"","meta":{"om_disable_all_campaigns":false,"_monsterinsights_skip_tracking":false,"_monsterinsights_sitenote_active":false,"_monsterinsights_sitenote_note":"","_monsterinsights_sitenote_category":0,"site-sidebar-layout":"no-sidebar","site-content-layout":"","ast-site-content-layout":"full-width-container","site-content-style":"default","site-sidebar-style":"default","ast-global-header-display":"","ast-banner-title-visibility":"","ast-main-header-display":"","ast-hfb-above-header-display":"","ast-hfb-below-header-display":"","ast-hfb-mobile-header-display":"","site-post-title":"disabled","ast-breadcrumbs-content":"","ast-featured-img":"disabled","footer-sml-layout":"","theme-transparent-header-meta":"","adv-header-id-meta":"","stick-header-meta":"","header-above-stick-meta":"","header-main-stick-meta":"","header-below-stick-meta":"","astra-migrate-meta-layouts":"default","ast-page-background-enabled":"default","ast-page-background-meta":{"desktop":{"background-color":"var(--ast-global-color-5)","background-image":"","background-repeat":"repeat","background-position":"center center","background-size":"auto","background-attachment":"scroll","background-type":"","background-media":"","overlay-type":"","overlay-color":"","overlay-opacity":"","overlay-gradient":""},"tablet":{"background-color":"","background-image":"","background-repeat":"repeat","background-position":"center center","background-size":"auto","background-attachment":"scroll","background-type":"","background-media":"","overlay-type":"","overlay-color":"","overlay-opacity":"","overlay-gradient":""},"mobile":{"background-color":"","background-image":"","background-repeat":"repeat","background-position":"center center","background-size":"auto","background-attachment":"scroll","background-type":"","background-media":"","overlay-type":"","overlay-color":"","overlay-opacity":"","overlay-gradient":""}},"ast-content-background-meta":{"desktop":{"background-color":"var(--ast-global-color-4)","background-image":"","background-repeat":"repeat","background-position":"center center","background-size":"auto","background-attachment":"scroll","background-type":"","background-media":"","overlay-type":"","overlay-color":"","overlay-opacity":"","overlay-gradient":""},"tablet":{"background-color":"var(--ast-global-color-4)","background-image":"","background-repeat":"repeat","background-position":"center center","background-size":"auto","background-attachment":"scroll","background-type":"","background-media":"","overlay-type":"","overlay-color":"","overlay-opacity":"","overlay-gradient":""},"mobile":{"background-color":"var(--ast-global-color-4)","background-image":"","background-repeat":"repeat","background-position":"center center","background-size":"auto","background-attachment":"scroll","background-type":"","background-media":"","overlay-type":"","overlay-color":"","overlay-opacity":"","overlay-gradient":""}},"footnotes":""},"class_list":["post-1313","page","type-page","status-publish","hentry"],"aioseo_notices":[],"_links":{"self":[{"href":"https:\/\/lesnuageux.org\/index.php\/wp-json\/wp\/v2\/pages\/1313"}],"collection":[{"href":"https:\/\/lesnuageux.org\/index.php\/wp-json\/wp\/v2\/pages"}],"about":[{"href":"https:\/\/lesnuageux.org\/index.php\/wp-json\/wp\/v2\/types\/page"}],"author":[{"embeddable":true,"href":"https:\/\/lesnuageux.org\/index.php\/wp-json\/wp\/v2\/users\/1"}],"replies":[{"embeddable":true,"href":"https:\/\/lesnuageux.org\/index.php\/wp-json\/wp\/v2\/comments?post=1313"}],"version-history":[{"count":7,"href":"https:\/\/lesnuageux.org\/index.php\/wp-json\/wp\/v2\/pages\/1313\/revisions"}],"predecessor-version":[{"id":1323,"href":"https:\/\/lesnuageux.org\/index.php\/wp-json\/wp\/v2\/pages\/1313\/revisions\/1323"}],"wp:attachment":[{"href":"https:\/\/lesnuageux.org\/index.php\/wp-json\/wp\/v2\/media?parent=1313"}],"curies":[{"name":"wp","href":"https:\/\/api.w.org\/{rel}","templated":true}]}}