{"id":921,"date":"2025-01-26T20:39:59","date_gmt":"2025-01-26T20:39:59","guid":{"rendered":"https:\/\/lesnuageux.org\/?page_id=921"},"modified":"2025-02-21T10:59:29","modified_gmt":"2025-02-21T10:59:29","slug":"spectacles","status":"publish","type":"page","link":"https:\/\/lesnuageux.org\/index.php\/spectacles\/","title":{"rendered":"Spectacles"},"content":{"rendered":"\t\t<div data-elementor-type=\"wp-page\" data-elementor-id=\"921\" class=\"elementor elementor-921\">\n\t\t\t\t\t\t<section class=\"elementor-section elementor-top-section elementor-element elementor-element-11045ec elementor-section-boxed elementor-section-height-default elementor-section-height-default qodef-elementor-content-no\" data-id=\"11045ec\" data-element_type=\"section\">\n\t\t\t\t\t\t<div class=\"elementor-container elementor-column-gap-default\">\n\t\t\t\t\t<div class=\"elementor-column elementor-col-100 elementor-top-column elementor-element elementor-element-c36084f\" data-id=\"c36084f\" data-element_type=\"column\">\n\t\t\t<div class=\"elementor-widget-wrap elementor-element-populated\">\n\t\t\t\t\t\t<div class=\"elementor-element elementor-element-d2dd4e7 elementor-widget elementor-widget-image\" data-id=\"d2dd4e7\" data-element_type=\"widget\" data-widget_type=\"image.default\">\n\t\t\t\t<div class=\"elementor-widget-container\">\n\t\t\t\t\t\t\t\t\t\t\t\t\t\t\t<img fetchpriority=\"high\" decoding=\"async\" width=\"1024\" height=\"305\" src=\"https:\/\/lesnuageux.org\/wp-content\/uploads\/2025\/01\/1-10-e1738321467768-1024x305.png\" class=\"attachment-large size-large wp-image-1081\" alt=\"La compagnie\" srcset=\"https:\/\/lesnuageux.org\/wp-content\/uploads\/2025\/01\/1-10-e1738321467768-1024x305.png 1024w, https:\/\/lesnuageux.org\/wp-content\/uploads\/2025\/01\/1-10-e1738321467768-300x89.png 300w, https:\/\/lesnuageux.org\/wp-content\/uploads\/2025\/01\/1-10-e1738321467768-768x229.png 768w, https:\/\/lesnuageux.org\/wp-content\/uploads\/2025\/01\/1-10-e1738321467768.png 1080w\" sizes=\"(max-width: 1024px) 100vw, 1024px\" \/>\t\t\t\t\t\t\t\t\t\t\t\t\t\t\t<\/div>\n\t\t\t\t<\/div>\n\t\t\t\t\t<\/div>\n\t\t<\/div>\n\t\t\t\t\t<\/div>\n\t\t<\/section>\n\t\t\t\t<section class=\"elementor-section elementor-top-section elementor-element elementor-element-7c1b54a elementor-section-boxed elementor-section-height-default elementor-section-height-default qodef-elementor-content-no\" data-id=\"7c1b54a\" data-element_type=\"section\">\n\t\t\t\t\t\t<div class=\"elementor-container elementor-column-gap-default\">\n\t\t\t\t\t<div class=\"elementor-column elementor-col-100 elementor-top-column elementor-element elementor-element-93ac05c\" data-id=\"93ac05c\" data-element_type=\"column\">\n\t\t\t<div class=\"elementor-widget-wrap elementor-element-populated\">\n\t\t\t\t\t\t<div class=\"elementor-element elementor-element-a31ab3a elementor-widget elementor-widget-text-editor\" data-id=\"a31ab3a\" data-element_type=\"widget\" data-widget_type=\"text-editor.default\">\n\t\t\t\t<div class=\"elementor-widget-container\">\n\t\t\t\t\t\t\t\t\t<p style=\"text-align: center;\"><span style=\"text-align: start;\">S\u2019aventurer dans les spectacles de la compagnie.<\/span><\/p>\t\t\t\t\t\t\t\t<\/div>\n\t\t\t\t<\/div>\n\t\t\t\t\t<\/div>\n\t\t<\/div>\n\t\t\t\t\t<\/div>\n\t\t<\/section>\n\t\t\t\t<section class=\"elementor-section elementor-top-section elementor-element elementor-element-a463711 elementor-section-boxed elementor-section-height-default elementor-section-height-default qodef-elementor-content-no\" data-id=\"a463711\" data-element_type=\"section\">\n\t\t\t\t\t\t<div class=\"elementor-container elementor-column-gap-default\">\n\t\t\t\t\t<div class=\"elementor-column elementor-col-33 elementor-top-column elementor-element elementor-element-1042822\" data-id=\"1042822\" data-element_type=\"column\">\n\t\t\t<div class=\"elementor-widget-wrap elementor-element-populated\">\n\t\t\t\t\t\t<div class=\"elementor-element elementor-element-e1fdbe3 elementor-widget elementor-widget-image\" data-id=\"e1fdbe3\" data-element_type=\"widget\" data-widget_type=\"image.default\">\n\t\t\t\t<div class=\"elementor-widget-container\">\n\t\t\t\t\t\t\t\t\t\t\t\t\t\t\t\t<a href=\"https:\/\/lesnuageux.org\/index.php\/la-couverture-a-des-rides\/\">\n\t\t\t\t\t\t\t<img decoding=\"async\" width=\"1024\" height=\"1024\" src=\"https:\/\/lesnuageux.org\/wp-content\/uploads\/2025\/01\/5-3-1024x1024.png\" class=\"attachment-large size-large wp-image-1082\" alt=\"Photo du spectacle La couverture a des rides\" srcset=\"https:\/\/lesnuageux.org\/wp-content\/uploads\/2025\/01\/5-3-1024x1024.png 1024w, https:\/\/lesnuageux.org\/wp-content\/uploads\/2025\/01\/5-3-300x300.png 300w, https:\/\/lesnuageux.org\/wp-content\/uploads\/2025\/01\/5-3-150x150.png 150w, https:\/\/lesnuageux.org\/wp-content\/uploads\/2025\/01\/5-3-768x768.png 768w, https:\/\/lesnuageux.org\/wp-content\/uploads\/2025\/01\/5-3-650x650.png 650w, https:\/\/lesnuageux.org\/wp-content\/uploads\/2025\/01\/5-3.png 1080w\" sizes=\"(max-width: 1024px) 100vw, 1024px\" \/>\t\t\t\t\t\t\t\t<\/a>\n\t\t\t\t\t\t\t\t\t\t\t\t\t\t\t<\/div>\n\t\t\t\t<\/div>\n\t\t\t\t<div class=\"elementor-element elementor-element-d61cad8 elementor-widget elementor-widget-text-editor\" data-id=\"d61cad8\" data-element_type=\"widget\" data-widget_type=\"text-editor.default\">\n\t\t\t\t<div class=\"elementor-widget-container\">\n\t\t\t\t\t\t\t\t\t<p style=\"text-align: center;\"><span style=\"color: #95839d;\"><strong>Danse, th\u00e9\u00e2tre d&rsquo;objets<\/strong><\/span><br \/><span style=\"color: #95839d;\"><strong>Jeune public<\/strong><\/span><\/p>\t\t\t\t\t\t\t\t<\/div>\n\t\t\t\t<\/div>\n\t\t\t\t\t<\/div>\n\t\t<\/div>\n\t\t\t\t<div class=\"elementor-column elementor-col-33 elementor-top-column elementor-element elementor-element-8e34c6f\" data-id=\"8e34c6f\" data-element_type=\"column\">\n\t\t\t<div class=\"elementor-widget-wrap elementor-element-populated\">\n\t\t\t\t\t\t<div class=\"elementor-element elementor-element-2fdab6b elementor-widget elementor-widget-image\" data-id=\"2fdab6b\" data-element_type=\"widget\" data-widget_type=\"image.default\">\n\t\t\t\t<div class=\"elementor-widget-container\">\n\t\t\t\t\t\t\t\t\t\t\t\t\t\t\t\t<a href=\"https:\/\/lesnuageux.org\/index.php\/cher-soupir\/\">\n\t\t\t\t\t\t\t<img decoding=\"async\" width=\"1024\" height=\"1024\" src=\"https:\/\/lesnuageux.org\/wp-content\/uploads\/2025\/01\/7-2-1024x1024.png\" class=\"attachment-large size-large wp-image-1085\" alt=\"Photo du spectacle Cher Soupir\" srcset=\"https:\/\/lesnuageux.org\/wp-content\/uploads\/2025\/01\/7-2-1024x1024.png 1024w, https:\/\/lesnuageux.org\/wp-content\/uploads\/2025\/01\/7-2-300x300.png 300w, https:\/\/lesnuageux.org\/wp-content\/uploads\/2025\/01\/7-2-150x150.png 150w, https:\/\/lesnuageux.org\/wp-content\/uploads\/2025\/01\/7-2-768x768.png 768w, https:\/\/lesnuageux.org\/wp-content\/uploads\/2025\/01\/7-2-650x650.png 650w, https:\/\/lesnuageux.org\/wp-content\/uploads\/2025\/01\/7-2.png 1080w\" sizes=\"(max-width: 1024px) 100vw, 1024px\" \/>\t\t\t\t\t\t\t\t<\/a>\n\t\t\t\t\t\t\t\t\t\t\t\t\t\t\t<\/div>\n\t\t\t\t<\/div>\n\t\t\t\t<div class=\"elementor-element elementor-element-d9d9985 elementor-widget elementor-widget-text-editor\" data-id=\"d9d9985\" data-element_type=\"widget\" data-widget_type=\"text-editor.default\">\n\t\t\t\t<div class=\"elementor-widget-container\">\n\t\t\t\t\t\t\t\t\t<p style=\"text-align: center;\"><span style=\"color: #95839d;\"><strong>Th\u00e9\u00e2tre hors-les-murs<\/strong><\/span><br \/><span style=\"color: #95839d;\"><strong>Participatif<br \/>Cr\u00e9ation \u00e9ph\u00e9m\u00e8re<\/strong><\/span><\/p>\t\t\t\t\t\t\t\t<\/div>\n\t\t\t\t<\/div>\n\t\t\t\t\t<\/div>\n\t\t<\/div>\n\t\t\t\t<div class=\"elementor-column elementor-col-33 elementor-top-column elementor-element elementor-element-262cd8d\" data-id=\"262cd8d\" data-element_type=\"column\">\n\t\t\t<div class=\"elementor-widget-wrap elementor-element-populated\">\n\t\t\t\t\t\t<div class=\"elementor-element elementor-element-3c971e0 elementor-widget elementor-widget-image\" data-id=\"3c971e0\" data-element_type=\"widget\" data-widget_type=\"image.default\">\n\t\t\t\t<div class=\"elementor-widget-container\">\n\t\t\t\t\t\t\t\t\t\t\t\t\t\t\t\t<a href=\"https:\/\/lesnuageux.org\/index.php\/les-etres-de-papier\/\">\n\t\t\t\t\t\t\t<img loading=\"lazy\" decoding=\"async\" width=\"1024\" height=\"1024\" src=\"https:\/\/lesnuageux.org\/wp-content\/uploads\/2025\/01\/9-1-1024x1024.png\" class=\"attachment-large size-large wp-image-1087\" alt=\"Photo du spectacle Les \u00eatres de papier\" srcset=\"https:\/\/lesnuageux.org\/wp-content\/uploads\/2025\/01\/9-1-1024x1024.png 1024w, https:\/\/lesnuageux.org\/wp-content\/uploads\/2025\/01\/9-1-300x300.png 300w, https:\/\/lesnuageux.org\/wp-content\/uploads\/2025\/01\/9-1-150x150.png 150w, https:\/\/lesnuageux.org\/wp-content\/uploads\/2025\/01\/9-1-768x768.png 768w, https:\/\/lesnuageux.org\/wp-content\/uploads\/2025\/01\/9-1-650x650.png 650w, https:\/\/lesnuageux.org\/wp-content\/uploads\/2025\/01\/9-1.png 1080w\" sizes=\"(max-width: 1024px) 100vw, 1024px\" \/>\t\t\t\t\t\t\t\t<\/a>\n\t\t\t\t\t\t\t\t\t\t\t\t\t\t\t<\/div>\n\t\t\t\t<\/div>\n\t\t\t\t<div class=\"elementor-element elementor-element-6ff68bd elementor-widget elementor-widget-text-editor\" data-id=\"6ff68bd\" data-element_type=\"widget\" data-widget_type=\"text-editor.default\">\n\t\t\t\t<div class=\"elementor-widget-container\">\n\t\t\t\t\t\t\t\t\t<p style=\"text-align: center;\"><span style=\"color: #95839d;\"><strong>Danse, th\u00e9\u00e2tre, musique, arts visuels<\/strong><\/span><br \/><span style=\"color: #95839d;\"><strong>Arts-sciences<\/strong><\/span><\/p>\t\t\t\t\t\t\t\t<\/div>\n\t\t\t\t<\/div>\n\t\t\t\t\t<\/div>\n\t\t<\/div>\n\t\t\t\t\t<\/div>\n\t\t<\/section>\n\t\t\t\t<section class=\"elementor-section elementor-top-section elementor-element elementor-element-a89d906 elementor-section-boxed elementor-section-height-default elementor-section-height-default qodef-elementor-content-no\" data-id=\"a89d906\" data-element_type=\"section\">\n\t\t\t\t\t\t<div class=\"elementor-container elementor-column-gap-default\">\n\t\t\t\t\t<div class=\"elementor-column elementor-col-100 elementor-top-column elementor-element elementor-element-5ef008f\" data-id=\"5ef008f\" data-element_type=\"column\">\n\t\t\t<div class=\"elementor-widget-wrap elementor-element-populated\">\n\t\t\t\t\t\t<div class=\"elementor-element elementor-element-2e7a500 elementor-widget elementor-widget-spacer\" data-id=\"2e7a500\" data-element_type=\"widget\" data-widget_type=\"spacer.default\">\n\t\t\t\t<div class=\"elementor-widget-container\">\n\t\t\t\t\t\t\t<div class=\"elementor-spacer\">\n\t\t\t<div class=\"elementor-spacer-inner\"><\/div>\n\t\t<\/div>\n\t\t\t\t\t\t<\/div>\n\t\t\t\t<\/div>\n\t\t\t\t\t<\/div>\n\t\t<\/div>\n\t\t\t\t\t<\/div>\n\t\t<\/section>\n\t\t\t\t<\/div>\n\t\t","protected":false},"excerpt":{"rendered":"<p>S\u2019aventurer dans les spectacles de la compagnie. Danse, th\u00e9\u00e2tre d&rsquo;objetsJeune public Th\u00e9\u00e2tre hors-les-mursParticipatifCr\u00e9ation \u00e9ph\u00e9m\u00e8re Danse, th\u00e9\u00e2tre, musique, arts visuelsArts-sciences<\/p>\n","protected":false},"author":1,"featured_media":0,"parent":0,"menu_order":0,"comment_status":"closed","ping_status":"closed","template":"","meta":{"om_disable_all_campaigns":false,"_monsterinsights_skip_tracking":false,"_monsterinsights_sitenote_active":false,"_monsterinsights_sitenote_note":"","_monsterinsights_sitenote_category":0,"site-sidebar-layout":"no-sidebar","site-content-layout":"","ast-site-content-layout":"full-width-container","site-content-style":"default","site-sidebar-style":"default","ast-global-header-display":"","ast-banner-title-visibility":"","ast-main-header-display":"","ast-hfb-above-header-display":"","ast-hfb-below-header-display":"","ast-hfb-mobile-header-display":"","site-post-title":"disabled","ast-breadcrumbs-content":"","ast-featured-img":"disabled","footer-sml-layout":"","theme-transparent-header-meta":"","adv-header-id-meta":"","stick-header-meta":"","header-above-stick-meta":"","header-main-stick-meta":"","header-below-stick-meta":"","astra-migrate-meta-layouts":"default","ast-page-background-enabled":"default","ast-page-background-meta":{"desktop":{"background-color":"var(--ast-global-color-5)","background-image":"","background-repeat":"repeat","background-position":"center center","background-size":"auto","background-attachment":"scroll","background-type":"","background-media":"","overlay-type":"","overlay-color":"","overlay-opacity":"","overlay-gradient":""},"tablet":{"background-color":"","background-image":"","background-repeat":"repeat","background-position":"center center","background-size":"auto","background-attachment":"scroll","background-type":"","background-media":"","overlay-type":"","overlay-color":"","overlay-opacity":"","overlay-gradient":""},"mobile":{"background-color":"","background-image":"","background-repeat":"repeat","background-position":"center center","background-size":"auto","background-attachment":"scroll","background-type":"","background-media":"","overlay-type":"","overlay-color":"","overlay-opacity":"","overlay-gradient":""}},"ast-content-background-meta":{"desktop":{"background-color":"var(--ast-global-color-4)","background-image":"","background-repeat":"repeat","background-position":"center center","background-size":"auto","background-attachment":"scroll","background-type":"","background-media":"","overlay-type":"","overlay-color":"","overlay-opacity":"","overlay-gradient":""},"tablet":{"background-color":"var(--ast-global-color-4)","background-image":"","background-repeat":"repeat","background-position":"center center","background-size":"auto","background-attachment":"scroll","background-type":"","background-media":"","overlay-type":"","overlay-color":"","overlay-opacity":"","overlay-gradient":""},"mobile":{"background-color":"var(--ast-global-color-4)","background-image":"","background-repeat":"repeat","background-position":"center center","background-size":"auto","background-attachment":"scroll","background-type":"","background-media":"","overlay-type":"","overlay-color":"","overlay-opacity":"","overlay-gradient":""}},"footnotes":""},"class_list":["post-921","page","type-page","status-publish","hentry"],"aioseo_notices":[],"_links":{"self":[{"href":"https:\/\/lesnuageux.org\/index.php\/wp-json\/wp\/v2\/pages\/921"}],"collection":[{"href":"https:\/\/lesnuageux.org\/index.php\/wp-json\/wp\/v2\/pages"}],"about":[{"href":"https:\/\/lesnuageux.org\/index.php\/wp-json\/wp\/v2\/types\/page"}],"author":[{"embeddable":true,"href":"https:\/\/lesnuageux.org\/index.php\/wp-json\/wp\/v2\/users\/1"}],"replies":[{"embeddable":true,"href":"https:\/\/lesnuageux.org\/index.php\/wp-json\/wp\/v2\/comments?post=921"}],"version-history":[{"count":18,"href":"https:\/\/lesnuageux.org\/index.php\/wp-json\/wp\/v2\/pages\/921\/revisions"}],"predecessor-version":[{"id":1549,"href":"https:\/\/lesnuageux.org\/index.php\/wp-json\/wp\/v2\/pages\/921\/revisions\/1549"}],"wp:attachment":[{"href":"https:\/\/lesnuageux.org\/index.php\/wp-json\/wp\/v2\/media?parent=921"}],"curies":[{"name":"wp","href":"https:\/\/api.w.org\/{rel}","templated":true}]}}