{"id":925,"date":"2025-01-26T20:40:54","date_gmt":"2025-01-26T20:40:54","guid":{"rendered":"https:\/\/lesnuageux.org\/?page_id=925"},"modified":"2025-08-01T10:46:54","modified_gmt":"2025-08-01T10:46:54","slug":"jeune-compagnie","status":"publish","type":"page","link":"https:\/\/lesnuageux.org\/index.php\/jeune-compagnie\/","title":{"rendered":"Jeune compagnie"},"content":{"rendered":"\t\t<div data-elementor-type=\"wp-page\" data-elementor-id=\"925\" class=\"elementor elementor-925\">\n\t\t\t\t\t\t<section class=\"elementor-section elementor-top-section elementor-element elementor-element-623a340 elementor-section-boxed elementor-section-height-default elementor-section-height-default qodef-elementor-content-no\" data-id=\"623a340\" data-element_type=\"section\">\n\t\t\t\t\t\t<div class=\"elementor-container elementor-column-gap-default\">\n\t\t\t\t\t<div class=\"elementor-column elementor-col-100 elementor-top-column elementor-element elementor-element-cbda7b5\" data-id=\"cbda7b5\" data-element_type=\"column\">\n\t\t\t<div class=\"elementor-widget-wrap elementor-element-populated\">\n\t\t\t\t\t\t<div class=\"elementor-element elementor-element-13ca2ab elementor-widget elementor-widget-image\" data-id=\"13ca2ab\" data-element_type=\"widget\" data-widget_type=\"image.default\">\n\t\t\t\t<div class=\"elementor-widget-container\">\n\t\t\t\t\t\t\t\t\t\t\t\t\t\t\t<img fetchpriority=\"high\" decoding=\"async\" width=\"1024\" height=\"435\" src=\"https:\/\/lesnuageux.org\/wp-content\/uploads\/2025\/08\/Captura-de-pantalla-2025-08-01-a-las-12.04.19-1024x435.png\" class=\"attachment-large size-large wp-image-1734\" alt=\"Texte : Jeune compagnie de spectacle vivant\" srcset=\"https:\/\/lesnuageux.org\/wp-content\/uploads\/2025\/08\/Captura-de-pantalla-2025-08-01-a-las-12.04.19-1024x435.png 1024w, https:\/\/lesnuageux.org\/wp-content\/uploads\/2025\/08\/Captura-de-pantalla-2025-08-01-a-las-12.04.19-300x128.png 300w, https:\/\/lesnuageux.org\/wp-content\/uploads\/2025\/08\/Captura-de-pantalla-2025-08-01-a-las-12.04.19-768x327.png 768w, https:\/\/lesnuageux.org\/wp-content\/uploads\/2025\/08\/Captura-de-pantalla-2025-08-01-a-las-12.04.19.png 1218w\" sizes=\"(max-width: 1024px) 100vw, 1024px\" \/>\t\t\t\t\t\t\t\t\t\t\t\t\t\t\t<\/div>\n\t\t\t\t<\/div>\n\t\t\t\t\t<\/div>\n\t\t<\/div>\n\t\t\t\t\t<\/div>\n\t\t<\/section>\n\t\t\t\t<section class=\"elementor-section elementor-top-section elementor-element elementor-element-5b07f14 elementor-section-boxed elementor-section-height-default elementor-section-height-default qodef-elementor-content-no\" data-id=\"5b07f14\" data-element_type=\"section\">\n\t\t\t\t\t\t<div class=\"elementor-container elementor-column-gap-default\">\n\t\t\t\t\t<div class=\"elementor-column elementor-col-100 elementor-top-column elementor-element elementor-element-0047ad4\" data-id=\"0047ad4\" data-element_type=\"column\">\n\t\t\t<div class=\"elementor-widget-wrap elementor-element-populated\">\n\t\t\t\t\t\t<div class=\"elementor-element elementor-element-80023d7 elementor-widget elementor-widget-text-editor\" data-id=\"80023d7\" data-element_type=\"widget\" data-widget_type=\"text-editor.default\">\n\t\t\t\t<div class=\"elementor-widget-container\">\n\t\t\t\t\t\t\t\t\t<p><span style=\"color: #000000; font-kerning: normal; --ys-xuq: none;\">Accompagn\u00e9s par l\u2019\u00e9quipe des Nuageux, les enfants forment une <\/span><span style=\"color: #7da9b1; font-weight: bold; font-kerning: normal; --ys-xuq: none;\">troupe<\/span><span style=\"color: #000000; font-kerning: normal; --ys-xuq: none;\"> et avancent vers la cr\u00e9ation d\u2019un spectacle qui leur ressemble.\u00a0<\/span><span style=\"font-family: -apple-system, BlinkMacSystemFont, 'Segoe UI', Roboto, Oxygen-Sans, Ubuntu, Cantarell, 'Helvetica Neue', sans-serif; font-size: 1rem; color: #000000; font-kerning: normal; --ys-xuq: none;\">Interpr\u00e9tation, direction d\u2019acteurs,<\/span> <span style=\"font-family: -apple-system, BlinkMacSystemFont, 'Segoe UI', Roboto, Oxygen-Sans, Ubuntu, Cantarell, 'Helvetica Neue', sans-serif; font-size: 1rem; color: #000000; font-kerning: normal; --ys-xuq: none;\">illumination, construction de d\u00e9cor, cr\u00e9ation d\u2019affiches\u2026 Ils d\u00e9couvrent les m\u00e9tiers de la <\/span><span style=\"font-family: -apple-system, BlinkMacSystemFont, 'Segoe UI', Roboto, Oxygen-Sans, Ubuntu, Cantarell, 'Helvetica Neue', sans-serif; font-size: 1rem; color: #b6a2be; font-weight: bold; font-kerning: normal; --ys-xuq: none;\">sc\u00e8ne<\/span><span style=\"font-family: -apple-system, BlinkMacSystemFont, 'Segoe UI', Roboto, Oxygen-Sans, Ubuntu, Cantarell, 'Helvetica Neue', sans-serif; font-size: 1rem; color: #000000; font-kerning: normal; --ys-xuq: none;\"> et des <\/span><span style=\"font-family: -apple-system, BlinkMacSystemFont, 'Segoe UI', Roboto, Oxygen-Sans, Ubuntu, Cantarell, 'Helvetica Neue', sans-serif; font-size: 1rem; color: #7da9b1; font-weight: bold; font-kerning: normal; --ys-xuq: none;\">coulisses<\/span><span style=\"font-family: -apple-system, BlinkMacSystemFont, 'Segoe UI', Roboto, Oxygen-Sans, Ubuntu, Cantarell, 'Helvetica Neue', sans-serif; font-size: 1rem; color: #000000; font-kerning: normal; --ys-xuq: none;\">.\u00a0<\/span><span style=\"font-family: -apple-system, BlinkMacSystemFont, 'Segoe UI', Roboto, Oxygen-Sans, Ubuntu, Cantarell, 'Helvetica Neue', sans-serif; font-size: 1rem; color: #000000; font-kerning: normal; --ys-xuq: none;\">Les Nuageux les guident avec d\u00e9licatesse en leur proposant un contexte dans lequel apprendre \u00e0 <\/span><span style=\"font-family: -apple-system, BlinkMacSystemFont, 'Segoe UI', Roboto, Oxygen-Sans, Ubuntu, Cantarell, 'Helvetica Neue', sans-serif; font-size: 1rem; color: #7da9b1; font-weight: bold; font-kerning: normal; --ys-xuq: none;\">vivre ensemble<\/span><span style=\"font-family: -apple-system, BlinkMacSystemFont, 'Segoe UI', Roboto, Oxygen-Sans, Ubuntu, Cantarell, 'Helvetica Neue', sans-serif; font-size: 1rem; color: #000000; font-kerning: normal; --ys-xuq: none;\">, \u00e9couter, s\u2019exprimer, r\u00e9soudre des probl\u00e8mes, d\u00e9cider, inventer&#8230;<\/span><\/p><p><span style=\"font-family: -apple-system, BlinkMacSystemFont, 'Segoe UI', Roboto, Oxygen-Sans, Ubuntu, Cantarell, 'Helvetica Neue', sans-serif; font-size: 1rem; color: #000000; font-kerning: normal; --ys-xuq: none;\"><span style=\"font-kerning: normal; --ys-xuq: none;\">D\u2019une r\u00e9p\u00e9tition \u00e0 l\u2019autre, par de petites consignes, ils cultivent leur <\/span><span style=\"color: #7da9b1; font-weight: bold; font-kerning: normal; --ys-xuq: none;\">curiosit\u00e9<\/span><span style=\"font-kerning: normal; --ys-xuq: none;\"> et leur sens de l\u2019observation. Ils explorent leur <\/span><span style=\"color: #b6a2be; font-weight: bold; font-kerning: normal; --ys-xuq: none;\">sensibilit\u00e9<\/span><span style=\"font-kerning: normal; --ys-xuq: none;\"> et l\u2019exercent dans leur vie quotidienne.\u00a0<\/span><\/span><span class=\"OYPEnA font-feature-liga-off font-feature-clig-off font-feature-calt-off text-decoration-none text-strikethrough-none\" style=\"font-family: -apple-system, BlinkMacSystemFont, 'Segoe UI', Roboto, Oxygen-Sans, Ubuntu, Cantarell, 'Helvetica Neue', sans-serif; font-size: 1rem; color: #000000; font-kerning: normal; --ys-xuq: none;\">Des <\/span><span class=\"OYPEnA font-feature-liga-off font-feature-clig-off font-feature-calt-off text-decoration-none text-strikethrough-none\" style=\"font-family: -apple-system, BlinkMacSystemFont, 'Segoe UI', Roboto, Oxygen-Sans, Ubuntu, Cantarell, 'Helvetica Neue', sans-serif; font-size: 1rem; color: #b6a2be; font-weight: bold; font-kerning: normal; --ys-xuq: none;\">rencontres<\/span><span class=\"OYPEnA font-feature-liga-off font-feature-clig-off font-feature-calt-off text-decoration-none text-strikethrough-none\" style=\"font-family: -apple-system, BlinkMacSystemFont, 'Segoe UI', Roboto, Oxygen-Sans, Ubuntu, Cantarell, 'Helvetica Neue', sans-serif; font-size: 1rem; color: #000000; font-kerning: normal; --ys-xuq: none;\"> r\u00e9guli\u00e8res leur permettent de s\u2019entra\u00eener \u00e0 parler de leur travail. Les enfants nous invitent dans leur petit univers et nous font bouger et r\u00e9fl\u00e9chir \u00e0 notre tour.<\/span><\/p><p><span class=\"OYPEnA font-feature-liga-off font-feature-clig-off font-feature-calt-off text-decoration-none text-strikethrough-none\" style=\"font-family: -apple-system, BlinkMacSystemFont, 'Segoe UI', Roboto, Oxygen-Sans, Ubuntu, Cantarell, 'Helvetica Neue', sans-serif; font-size: 1rem; color: #000000; font-kerning: normal; --ys-xuq: none;\">\u00c0 partir de <span style=\"color: #7da9b1;\"><strong>7 ans<\/strong><\/span>.<\/span><\/p>\t\t\t\t\t\t\t\t<\/div>\n\t\t\t\t<\/div>\n\t\t\t\t<div class=\"elementor-element elementor-element-e118d6c elementor-widget elementor-widget-image\" data-id=\"e118d6c\" data-element_type=\"widget\" data-widget_type=\"image.default\">\n\t\t\t\t<div class=\"elementor-widget-container\">\n\t\t\t\t\t\t\t\t\t\t\t\t\t\t\t<img decoding=\"async\" width=\"1024\" height=\"205\" src=\"https:\/\/lesnuageux.org\/wp-content\/uploads\/2025\/08\/Jose-Luis-Ruiz-Noguero-1-1024x205.png\" class=\"attachment-large size-large wp-image-1744\" alt=\"Texte : Les cr\u00e9ations de la jeune compagnie\" srcset=\"https:\/\/lesnuageux.org\/wp-content\/uploads\/2025\/08\/Jose-Luis-Ruiz-Noguero-1-1024x205.png 1024w, https:\/\/lesnuageux.org\/wp-content\/uploads\/2025\/08\/Jose-Luis-Ruiz-Noguero-1-300x60.png 300w, https:\/\/lesnuageux.org\/wp-content\/uploads\/2025\/08\/Jose-Luis-Ruiz-Noguero-1-768x153.png 768w, https:\/\/lesnuageux.org\/wp-content\/uploads\/2025\/08\/Jose-Luis-Ruiz-Noguero-1.png 1181w\" sizes=\"(max-width: 1024px) 100vw, 1024px\" \/>\t\t\t\t\t\t\t\t\t\t\t\t\t\t\t<\/div>\n\t\t\t\t<\/div>\n\t\t\t\t\t<\/div>\n\t\t<\/div>\n\t\t\t\t\t<\/div>\n\t\t<\/section>\n\t\t\t\t<section class=\"elementor-section elementor-top-section elementor-element elementor-element-7ac7497 elementor-section-boxed elementor-section-height-default elementor-section-height-default qodef-elementor-content-no\" data-id=\"7ac7497\" data-element_type=\"section\">\n\t\t\t\t\t\t<div class=\"elementor-container elementor-column-gap-default\">\n\t\t\t\t\t<div class=\"elementor-column elementor-col-33 elementor-top-column elementor-element elementor-element-65997b3\" data-id=\"65997b3\" data-element_type=\"column\">\n\t\t\t<div class=\"elementor-widget-wrap elementor-element-populated\">\n\t\t\t\t\t\t<div class=\"elementor-element elementor-element-18211fd elementor-widget elementor-widget-image\" data-id=\"18211fd\" data-element_type=\"widget\" data-widget_type=\"image.default\">\n\t\t\t\t<div class=\"elementor-widget-container\">\n\t\t\t\t\t\t\t\t\t\t\t\t\t\t\t\t<a href=\"https:\/\/lesnuageux.org\/index.php\/un-petit-bout-de-monde-a-inventer\/\">\n\t\t\t\t\t\t\t<img decoding=\"async\" width=\"1024\" height=\"1024\" src=\"https:\/\/lesnuageux.org\/wp-content\/uploads\/2025\/01\/11-2-1024x1024.png\" class=\"attachment-large size-large wp-image-1108\" alt=\"Un petit bout de monde \u00e0 inventer\" srcset=\"https:\/\/lesnuageux.org\/wp-content\/uploads\/2025\/01\/11-2-1024x1024.png 1024w, https:\/\/lesnuageux.org\/wp-content\/uploads\/2025\/01\/11-2-300x300.png 300w, https:\/\/lesnuageux.org\/wp-content\/uploads\/2025\/01\/11-2-150x150.png 150w, https:\/\/lesnuageux.org\/wp-content\/uploads\/2025\/01\/11-2-768x768.png 768w, https:\/\/lesnuageux.org\/wp-content\/uploads\/2025\/01\/11-2-650x650.png 650w, https:\/\/lesnuageux.org\/wp-content\/uploads\/2025\/01\/11-2.png 1080w\" sizes=\"(max-width: 1024px) 100vw, 1024px\" \/>\t\t\t\t\t\t\t\t<\/a>\n\t\t\t\t\t\t\t\t\t\t\t\t\t\t\t<\/div>\n\t\t\t\t<\/div>\n\t\t\t\t<div class=\"elementor-element elementor-element-c12b82a elementor-widget elementor-widget-text-editor\" data-id=\"c12b82a\" data-element_type=\"widget\" data-widget_type=\"text-editor.default\">\n\t\t\t\t<div class=\"elementor-widget-container\">\n\t\t\t\t\t\t\t\t\t<p style=\"text-align: center;\"><strong><span style=\"color: #95b3b8;\">2025-2026<\/span><\/strong><\/p>\t\t\t\t\t\t\t\t<\/div>\n\t\t\t\t<\/div>\n\t\t\t\t\t<\/div>\n\t\t<\/div>\n\t\t\t\t<div class=\"elementor-column elementor-col-33 elementor-top-column elementor-element elementor-element-6612bfe\" data-id=\"6612bfe\" data-element_type=\"column\">\n\t\t\t<div class=\"elementor-widget-wrap\">\n\t\t\t\t\t\t\t<\/div>\n\t\t<\/div>\n\t\t\t\t<div class=\"elementor-column elementor-col-33 elementor-top-column elementor-element elementor-element-8d8eb4d\" data-id=\"8d8eb4d\" data-element_type=\"column\">\n\t\t\t<div class=\"elementor-widget-wrap\">\n\t\t\t\t\t\t\t<\/div>\n\t\t<\/div>\n\t\t\t\t\t<\/div>\n\t\t<\/section>\n\t\t\t\t<section class=\"elementor-section elementor-top-section elementor-element elementor-element-2e2cb71 elementor-section-boxed elementor-section-height-default elementor-section-height-default qodef-elementor-content-no\" data-id=\"2e2cb71\" data-element_type=\"section\">\n\t\t\t\t\t\t<div class=\"elementor-container elementor-column-gap-default\">\n\t\t\t\t\t<div class=\"elementor-column elementor-col-100 elementor-top-column elementor-element elementor-element-cb16db0\" data-id=\"cb16db0\" data-element_type=\"column\">\n\t\t\t<div class=\"elementor-widget-wrap elementor-element-populated\">\n\t\t\t\t\t\t<div class=\"elementor-element elementor-element-724591d elementor-widget elementor-widget-spacer\" data-id=\"724591d\" data-element_type=\"widget\" data-widget_type=\"spacer.default\">\n\t\t\t\t<div class=\"elementor-widget-container\">\n\t\t\t\t\t\t\t<div class=\"elementor-spacer\">\n\t\t\t<div class=\"elementor-spacer-inner\"><\/div>\n\t\t<\/div>\n\t\t\t\t\t\t<\/div>\n\t\t\t\t<\/div>\n\t\t\t\t\t<\/div>\n\t\t<\/div>\n\t\t\t\t\t<\/div>\n\t\t<\/section>\n\t\t\t\t<\/div>\n\t\t","protected":false},"excerpt":{"rendered":"<p>Accompagn\u00e9s par l\u2019\u00e9quipe des Nuageux, les enfants forment une troupe et avancent vers la cr\u00e9ation d\u2019un spectacle qui leur ressemble.\u00a0Interpr\u00e9tation, [&hellip;]<\/p>\n","protected":false},"author":1,"featured_media":0,"parent":0,"menu_order":0,"comment_status":"closed","ping_status":"closed","template":"","meta":{"om_disable_all_campaigns":false,"_monsterinsights_skip_tracking":false,"_monsterinsights_sitenote_active":false,"_monsterinsights_sitenote_note":"","_monsterinsights_sitenote_category":0,"site-sidebar-layout":"no-sidebar","site-content-layout":"","ast-site-content-layout":"full-width-container","site-content-style":"default","site-sidebar-style":"default","ast-global-header-display":"","ast-banner-title-visibility":"","ast-main-header-display":"","ast-hfb-above-header-display":"","ast-hfb-below-header-display":"","ast-hfb-mobile-header-display":"","site-post-title":"disabled","ast-breadcrumbs-content":"","ast-featured-img":"disabled","footer-sml-layout":"","theme-transparent-header-meta":"","adv-header-id-meta":"","stick-header-meta":"","header-above-stick-meta":"","header-main-stick-meta":"","header-below-stick-meta":"","astra-migrate-meta-layouts":"default","ast-page-background-enabled":"default","ast-page-background-meta":{"desktop":{"background-color":"var(--ast-global-color-5)","background-image":"","background-repeat":"repeat","background-position":"center center","background-size":"auto","background-attachment":"scroll","background-type":"","background-media":"","overlay-type":"","overlay-color":"","overlay-opacity":"","overlay-gradient":""},"tablet":{"background-color":"","background-image":"","background-repeat":"repeat","background-position":"center center","background-size":"auto","background-attachment":"scroll","background-type":"","background-media":"","overlay-type":"","overlay-color":"","overlay-opacity":"","overlay-gradient":""},"mobile":{"background-color":"","background-image":"","background-repeat":"repeat","background-position":"center center","background-size":"auto","background-attachment":"scroll","background-type":"","background-media":"","overlay-type":"","overlay-color":"","overlay-opacity":"","overlay-gradient":""}},"ast-content-background-meta":{"desktop":{"background-color":"var(--ast-global-color-4)","background-image":"","background-repeat":"repeat","background-position":"center center","background-size":"auto","background-attachment":"scroll","background-type":"","background-media":"","overlay-type":"","overlay-color":"","overlay-opacity":"","overlay-gradient":""},"tablet":{"background-color":"var(--ast-global-color-4)","background-image":"","background-repeat":"repeat","background-position":"center center","background-size":"auto","background-attachment":"scroll","background-type":"","background-media":"","overlay-type":"","overlay-color":"","overlay-opacity":"","overlay-gradient":""},"mobile":{"background-color":"var(--ast-global-color-4)","background-image":"","background-repeat":"repeat","background-position":"center center","background-size":"auto","background-attachment":"scroll","background-type":"","background-media":"","overlay-type":"","overlay-color":"","overlay-opacity":"","overlay-gradient":""}},"footnotes":""},"class_list":["post-925","page","type-page","status-publish","hentry"],"aioseo_notices":[],"_links":{"self":[{"href":"https:\/\/lesnuageux.org\/index.php\/wp-json\/wp\/v2\/pages\/925"}],"collection":[{"href":"https:\/\/lesnuageux.org\/index.php\/wp-json\/wp\/v2\/pages"}],"about":[{"href":"https:\/\/lesnuageux.org\/index.php\/wp-json\/wp\/v2\/types\/page"}],"author":[{"embeddable":true,"href":"https:\/\/lesnuageux.org\/index.php\/wp-json\/wp\/v2\/users\/1"}],"replies":[{"embeddable":true,"href":"https:\/\/lesnuageux.org\/index.php\/wp-json\/wp\/v2\/comments?post=925"}],"version-history":[{"count":27,"href":"https:\/\/lesnuageux.org\/index.php\/wp-json\/wp\/v2\/pages\/925\/revisions"}],"predecessor-version":[{"id":1748,"href":"https:\/\/lesnuageux.org\/index.php\/wp-json\/wp\/v2\/pages\/925\/revisions\/1748"}],"wp:attachment":[{"href":"https:\/\/lesnuageux.org\/index.php\/wp-json\/wp\/v2\/media?parent=925"}],"curies":[{"name":"wp","href":"https:\/\/api.w.org\/{rel}","templated":true}]}}