{"id":929,"date":"2025-01-26T20:42:19","date_gmt":"2025-01-26T20:42:19","guid":{"rendered":"https:\/\/lesnuageux.org\/?page_id=929"},"modified":"2025-07-07T17:55:57","modified_gmt":"2025-07-07T17:55:57","slug":"ressources","status":"publish","type":"page","link":"https:\/\/lesnuageux.org\/index.php\/ressources\/","title":{"rendered":"Ressources"},"content":{"rendered":"\t\t<div data-elementor-type=\"wp-page\" data-elementor-id=\"929\" class=\"elementor elementor-929\">\n\t\t\t\t\t\t<section class=\"elementor-section elementor-top-section elementor-element elementor-element-84ec6d2 elementor-section-boxed elementor-section-height-default elementor-section-height-default qodef-elementor-content-no\" data-id=\"84ec6d2\" data-element_type=\"section\">\n\t\t\t\t\t\t<div class=\"elementor-container elementor-column-gap-default\">\n\t\t\t\t\t<div class=\"elementor-column elementor-col-100 elementor-top-column elementor-element elementor-element-6d7ca79\" data-id=\"6d7ca79\" data-element_type=\"column\">\n\t\t\t<div class=\"elementor-widget-wrap elementor-element-populated\">\n\t\t\t\t\t\t<div class=\"elementor-element elementor-element-7e3258c elementor-widget elementor-widget-image\" data-id=\"7e3258c\" data-element_type=\"widget\" data-widget_type=\"image.default\">\n\t\t\t\t<div class=\"elementor-widget-container\">\n\t\t\t\t\t\t\t\t\t\t\t\t\t\t\t<img fetchpriority=\"high\" decoding=\"async\" width=\"1024\" height=\"305\" src=\"https:\/\/lesnuageux.org\/wp-content\/uploads\/2025\/01\/1-4-e1738061586449-1024x305.png\" class=\"attachment-large size-large wp-image-986\" alt=\"Texte : Les ressources\" srcset=\"https:\/\/lesnuageux.org\/wp-content\/uploads\/2025\/01\/1-4-e1738061586449-1024x305.png 1024w, https:\/\/lesnuageux.org\/wp-content\/uploads\/2025\/01\/1-4-e1738061586449-300x89.png 300w, https:\/\/lesnuageux.org\/wp-content\/uploads\/2025\/01\/1-4-e1738061586449-768x229.png 768w, https:\/\/lesnuageux.org\/wp-content\/uploads\/2025\/01\/1-4-e1738061586449.png 1080w\" sizes=\"(max-width: 1024px) 100vw, 1024px\" \/>\t\t\t\t\t\t\t\t\t\t\t\t\t\t\t<\/div>\n\t\t\t\t<\/div>\n\t\t\t\t\t<\/div>\n\t\t<\/div>\n\t\t\t\t\t<\/div>\n\t\t<\/section>\n\t\t\t\t<section class=\"elementor-section elementor-top-section elementor-element elementor-element-c5cd2de elementor-section-boxed elementor-section-height-default elementor-section-height-default qodef-elementor-content-no\" data-id=\"c5cd2de\" data-element_type=\"section\">\n\t\t\t\t\t\t<div class=\"elementor-container elementor-column-gap-default\">\n\t\t\t\t\t<div class=\"elementor-column elementor-col-100 elementor-top-column elementor-element elementor-element-3c5ed19\" data-id=\"3c5ed19\" data-element_type=\"column\">\n\t\t\t<div class=\"elementor-widget-wrap elementor-element-populated\">\n\t\t\t\t\t\t<div class=\"elementor-element elementor-element-6ea51a6 elementor-widget elementor-widget-text-editor\" data-id=\"6ea51a6\" data-element_type=\"widget\" data-widget_type=\"text-editor.default\">\n\t\t\t\t<div class=\"elementor-widget-container\">\n\t\t\t\t\t\t\t\t\t<p>Nous mettons \u00e0 votre disposition quelques ressources pour nourrir votre exploration du paysage culturel actuel et de ses enjeux. Ces lectures vous permettront aussi de mieux comprendre par quelle porte Les Nuageux souhaitent s&rsquo;engager dans ce monde l\u00e0. Certaines ressources sont des travaux de recherche ou des articles r\u00e9dig\u00e9s par les membres du collectif. D&rsquo;autres ont \u00e9t\u00e9 s\u00e9lectionn\u00e9es parmi nos lectures les plus inspirantes. Bonne d\u00e9couverte !<\/p>\t\t\t\t\t\t\t\t<\/div>\n\t\t\t\t<\/div>\n\t\t\t\t\t<\/div>\n\t\t<\/div>\n\t\t\t\t\t<\/div>\n\t\t<\/section>\n\t\t\t\t<section class=\"elementor-section elementor-top-section elementor-element elementor-element-29ceef0 elementor-section-boxed elementor-section-height-default elementor-section-height-default qodef-elementor-content-no\" data-id=\"29ceef0\" data-element_type=\"section\" data-settings=\"{&quot;background_background&quot;:&quot;classic&quot;}\">\n\t\t\t\t\t\t<div class=\"elementor-container elementor-column-gap-default\">\n\t\t\t\t\t<div class=\"elementor-column elementor-col-33 elementor-top-column elementor-element elementor-element-ab6a553\" data-id=\"ab6a553\" data-element_type=\"column\" data-settings=\"{&quot;background_background&quot;:&quot;classic&quot;}\">\n\t\t\t<div class=\"elementor-widget-wrap elementor-element-populated\">\n\t\t\t\t\t\t<div class=\"elementor-element elementor-element-dd2a30b elementor-widget elementor-widget-spacer\" data-id=\"dd2a30b\" data-element_type=\"widget\" data-widget_type=\"spacer.default\">\n\t\t\t\t<div class=\"elementor-widget-container\">\n\t\t\t\t\t\t\t<div class=\"elementor-spacer\">\n\t\t\t<div class=\"elementor-spacer-inner\"><\/div>\n\t\t<\/div>\n\t\t\t\t\t\t<\/div>\n\t\t\t\t<\/div>\n\t\t\t\t\t<\/div>\n\t\t<\/div>\n\t\t\t\t<div class=\"elementor-column elementor-col-66 elementor-top-column elementor-element elementor-element-3d337a9\" data-id=\"3d337a9\" data-element_type=\"column\" data-settings=\"{&quot;background_background&quot;:&quot;classic&quot;}\">\n\t\t\t<div class=\"elementor-widget-wrap elementor-element-populated\">\n\t\t\t\t\t\t<div class=\"elementor-element elementor-element-e022700 elementor-widget elementor-widget-heading\" data-id=\"e022700\" data-element_type=\"widget\" data-widget_type=\"heading.default\">\n\t\t\t\t<div class=\"elementor-widget-container\">\n\t\t\t\t\t<h3 class=\"elementor-heading-title elementor-size-default\">Typologies - Les droits culturels en action<\/h3>\t\t\t\t<\/div>\n\t\t\t\t<\/div>\n\t\t\t\t<div class=\"elementor-element elementor-element-1f38cd8 elementor-widget elementor-widget-text-editor\" data-id=\"1f38cd8\" data-element_type=\"widget\" data-widget_type=\"text-editor.default\">\n\t\t\t\t<div class=\"elementor-widget-container\">\n\t\t\t\t\t\t\t\t\t<p><em>Par R\u00e9seau culture 21<\/em><\/p><p><strong>R\u00e9sum\u00e9 :<\/strong> Un guide pour mieux comprendre les enjeux et les probl\u00e9matiques de l&rsquo;exercice des droits culturels.<\/p>\t\t\t\t\t\t\t\t<\/div>\n\t\t\t\t<\/div>\n\t\t\t\t<div class=\"elementor-element elementor-element-35563b9 elementor-align-center elementor-widget elementor-widget-button\" data-id=\"35563b9\" data-element_type=\"widget\" data-widget_type=\"button.default\">\n\t\t\t\t<div class=\"elementor-widget-container\">\n\t\t\t\t\t\t\t\t\t<div class=\"elementor-button-wrapper\">\n\t\t\t\t\t<a class=\"elementor-button elementor-button-link elementor-size-sm\" href=\"https:\/\/reseauculture21.fr\/blog\/2023\/01\/26\/typologies-les-droits-culturels-en-action\/\">\n\t\t\t\t\t\t<span class=\"elementor-button-content-wrapper\">\n\t\t\t\t\t\t\t\t\t<span class=\"elementor-button-text\">Lire<\/span>\n\t\t\t\t\t<\/span>\n\t\t\t\t\t<\/a>\n\t\t\t\t<\/div>\n\t\t\t\t\t\t\t\t<\/div>\n\t\t\t\t<\/div>\n\t\t\t\t\t<\/div>\n\t\t<\/div>\n\t\t\t\t\t<\/div>\n\t\t<\/section>\n\t\t\t\t<section class=\"elementor-section elementor-top-section elementor-element elementor-element-2eee5d8 elementor-section-boxed elementor-section-height-default elementor-section-height-default qodef-elementor-content-no\" data-id=\"2eee5d8\" data-element_type=\"section\" data-settings=\"{&quot;background_background&quot;:&quot;classic&quot;}\">\n\t\t\t\t\t\t<div class=\"elementor-container elementor-column-gap-default\">\n\t\t\t\t\t<div class=\"elementor-column elementor-col-33 elementor-top-column elementor-element elementor-element-16dea8d\" data-id=\"16dea8d\" data-element_type=\"column\" data-settings=\"{&quot;background_background&quot;:&quot;classic&quot;}\">\n\t\t\t<div class=\"elementor-widget-wrap elementor-element-populated\">\n\t\t\t\t\t\t<div class=\"elementor-element elementor-element-bd1a537 elementor-widget elementor-widget-spacer\" data-id=\"bd1a537\" data-element_type=\"widget\" data-widget_type=\"spacer.default\">\n\t\t\t\t<div class=\"elementor-widget-container\">\n\t\t\t\t\t\t\t<div class=\"elementor-spacer\">\n\t\t\t<div class=\"elementor-spacer-inner\"><\/div>\n\t\t<\/div>\n\t\t\t\t\t\t<\/div>\n\t\t\t\t<\/div>\n\t\t\t\t\t<\/div>\n\t\t<\/div>\n\t\t\t\t<div class=\"elementor-column elementor-col-66 elementor-top-column elementor-element elementor-element-a122192\" data-id=\"a122192\" data-element_type=\"column\" data-settings=\"{&quot;background_background&quot;:&quot;classic&quot;}\">\n\t\t\t<div class=\"elementor-widget-wrap elementor-element-populated\">\n\t\t\t\t\t\t<div class=\"elementor-element elementor-element-90234fc elementor-widget elementor-widget-heading\" data-id=\"90234fc\" data-element_type=\"widget\" data-widget_type=\"heading.default\">\n\t\t\t\t<div class=\"elementor-widget-container\">\n\t\t\t\t\t<h3 class=\"elementor-heading-title elementor-size-default\">La cr\u00e9ation : un nouveau souffle pour l\u2019\u00e9ducation artistique et culturelle ?<\/h3>\t\t\t\t<\/div>\n\t\t\t\t<\/div>\n\t\t\t\t<div class=\"elementor-element elementor-element-88b0d03 elementor-widget elementor-widget-text-editor\" data-id=\"88b0d03\" data-element_type=\"widget\" data-widget_type=\"text-editor.default\">\n\t\t\t\t<div class=\"elementor-widget-container\">\n\t\t\t\t\t\t\t\t\t<p><em>Article r\u00e9dig\u00e9 par Ad\u00e9lie Ester et publi\u00e9 par l&rsquo;Observatoire des Politiques Culturelles dans la collection \u00ab\u00a0\u00c9crire demain &#8211; Regards d&rsquo;\u00e9tudiants\u00a0\u00bb. L&rsquo;article est pr\u00e9c\u00e9d\u00e9 d&rsquo;un entretien.<\/em><\/p><p><strong>Mots-clefs :<\/strong> Droits culturels, \u00c9ducation Artistique et Culturelle, M\u00e9diation, Arts de la sc\u00e8ne, Co-cr\u00e9ation, Participation, Art communautaire.<\/p><p><strong>R\u00e9sum\u00e9 :<\/strong> Et si la cr\u00e9ation confiait \u00e0 l\u2019EAC un enjeu plus actuel ? Et s&rsquo;il ne s\u2019agissait plus seulement de former de futurs spectateurs mais de participer \u00e0 la constitution d\u2019une citoyennet\u00e9 \u00e0 r\u00e9inventer ?\u00a0<\/p>\t\t\t\t\t\t\t\t<\/div>\n\t\t\t\t<\/div>\n\t\t\t\t<div class=\"elementor-element elementor-element-d2d7c29 elementor-align-center elementor-widget elementor-widget-button\" data-id=\"d2d7c29\" data-element_type=\"widget\" data-widget_type=\"button.default\">\n\t\t\t\t<div class=\"elementor-widget-container\">\n\t\t\t\t\t\t\t\t\t<div class=\"elementor-button-wrapper\">\n\t\t\t\t\t<a class=\"elementor-button elementor-button-link elementor-size-sm\" href=\"https:\/\/www.observatoire-culture.net\/creation-nouveau-souffle-education-artistique-culturelle\/\">\n\t\t\t\t\t\t<span class=\"elementor-button-content-wrapper\">\n\t\t\t\t\t\t\t\t\t<span class=\"elementor-button-text\">Lire<\/span>\n\t\t\t\t\t<\/span>\n\t\t\t\t\t<\/a>\n\t\t\t\t<\/div>\n\t\t\t\t\t\t\t\t<\/div>\n\t\t\t\t<\/div>\n\t\t\t\t\t<\/div>\n\t\t<\/div>\n\t\t\t\t\t<\/div>\n\t\t<\/section>\n\t\t\t\t<section class=\"elementor-section elementor-top-section elementor-element elementor-element-4c72bd3 elementor-section-boxed elementor-section-height-default elementor-section-height-default qodef-elementor-content-no\" data-id=\"4c72bd3\" data-element_type=\"section\" data-settings=\"{&quot;background_background&quot;:&quot;classic&quot;}\">\n\t\t\t\t\t\t<div class=\"elementor-container elementor-column-gap-default\">\n\t\t\t\t\t<div class=\"elementor-column elementor-col-33 elementor-top-column elementor-element elementor-element-a64b8e7\" data-id=\"a64b8e7\" data-element_type=\"column\" data-settings=\"{&quot;background_background&quot;:&quot;classic&quot;}\">\n\t\t\t<div class=\"elementor-widget-wrap elementor-element-populated\">\n\t\t\t\t\t\t<div class=\"elementor-element elementor-element-9fdd80e elementor-widget elementor-widget-spacer\" data-id=\"9fdd80e\" data-element_type=\"widget\" data-widget_type=\"spacer.default\">\n\t\t\t\t<div class=\"elementor-widget-container\">\n\t\t\t\t\t\t\t<div class=\"elementor-spacer\">\n\t\t\t<div class=\"elementor-spacer-inner\"><\/div>\n\t\t<\/div>\n\t\t\t\t\t\t<\/div>\n\t\t\t\t<\/div>\n\t\t\t\t\t<\/div>\n\t\t<\/div>\n\t\t\t\t<div class=\"elementor-column elementor-col-66 elementor-top-column elementor-element elementor-element-83d2277\" data-id=\"83d2277\" data-element_type=\"column\" data-settings=\"{&quot;background_background&quot;:&quot;classic&quot;}\">\n\t\t\t<div class=\"elementor-widget-wrap elementor-element-populated\">\n\t\t\t\t\t\t<div class=\"elementor-element elementor-element-736630d elementor-widget elementor-widget-heading\" data-id=\"736630d\" data-element_type=\"widget\" data-widget_type=\"heading.default\">\n\t\t\t\t<div class=\"elementor-widget-container\">\n\t\t\t\t\t<h3 class=\"elementor-heading-title elementor-size-default\">Quelle prise en compte des droits culturels des enfants dans les parcours d'\u00c9ducation Artistique et Culturelle ?<\/h3>\t\t\t\t<\/div>\n\t\t\t\t<\/div>\n\t\t\t\t<div class=\"elementor-element elementor-element-aa067eb elementor-widget elementor-widget-text-editor\" data-id=\"aa067eb\" data-element_type=\"widget\" data-widget_type=\"text-editor.default\">\n\t\t\t\t<div class=\"elementor-widget-container\">\n\t\t\t\t\t\t\t\t\t<p><em>M\u00e9moire de recherche d&rsquo;Ad\u00e9lie Ester. En Septembre 2024, Ad\u00e9lie est intervenue avec ce m\u00e9moire dans le cadre de la formation-action \u201cMettre en oeuvre les droits culturels dans les projets d\u2019\u00e9ducation artistique et culturelle\u201d propos\u00e9e par l\u2019Observatoire des Politiques Culturelles.<\/em><\/p><p><strong>Mots-clefs :<\/strong> Droits culturels, \u00c9ducation Artistique et Culturelle, M\u00e9diation, Arts de la sc\u00e8ne, Co-cr\u00e9ation, Participation, Art communautaire.<\/p><p><strong>R\u00e9sum\u00e9 :<\/strong> Ce m\u00e9moire interroge l\u2019\u00c9ducation Artistique et Culturelle fran\u00e7aise &#8211; son histoire, ses enjeux actuels, sa structuration, son application, et son \u00e9valuation &#8211; \u00e0 partir des huit notions abord\u00e9es par les droits culturels : l\u2019identit\u00e9, la diversit\u00e9, le patrimoine, la communaut\u00e9, la participation, l\u2019\u00e9ducation\/formation, l\u2019information\/communication, et la coop\u00e9ration. Puis il propose de faire un pas de c\u00f4t\u00e9 en s&rsquo;int\u00e9ressant \u00e0 un projet \u00e9ducatif et culturel espagnol. L\u00d3VA (L\u2019Op\u00e9ra, un V\u00e9hicule d\u2019Apprentissage) consiste \u00e0 ce qu\u2019une classe se convertisse en compagnie d\u2019op\u00e9ra. Durant une ann\u00e9e scolaire, les enfants s\u2019organisent par professions (production, \u00e9criture, composition, communication et documentation, interpr\u00e9tation, sc\u00e9nographie, r\u00e9gie, son et lumi\u00e8re, costume et maquillage), et se lancent dans la cr\u00e9ation d\u2019un op\u00e9ra original de la mani\u00e8re la plus autonome possible. Le projet L\u00d3VA, par une mise-en-place ambitieuse et une s\u00e9mantique qui lui est propre, semble s\u2019\u00e9loigner du pari traditionnel de la d\u00e9mocratisation culturelle et apporter de nouvelles r\u00e9ponses aux d\u00e9fis des droits culturels. Ce m\u00e9moire n&rsquo;est pas l\u2019\u00e9tude compar\u00e9e des politiques culturelles fran\u00e7aises et espagnoles mais le r\u00e9cit d\u2019une perturbation par l\u2019exp\u00e9rience. Un rapport de six mois de stage au sein m\u00eame du projet L\u00d3VA sera le substrat de cette analyse.<\/p>\t\t\t\t\t\t\t\t<\/div>\n\t\t\t\t<\/div>\n\t\t\t\t<div class=\"elementor-element elementor-element-71ea995 elementor-align-center elementor-widget elementor-widget-button\" data-id=\"71ea995\" data-element_type=\"widget\" data-widget_type=\"button.default\">\n\t\t\t\t<div class=\"elementor-widget-container\">\n\t\t\t\t\t\t\t\t\t<div class=\"elementor-button-wrapper\">\n\t\t\t\t\t<a class=\"elementor-button elementor-button-link elementor-size-sm\" href=\"https:\/\/dumas.ccsd.cnrs.fr\/dumas-04840820v1\">\n\t\t\t\t\t\t<span class=\"elementor-button-content-wrapper\">\n\t\t\t\t\t\t\t\t\t<span class=\"elementor-button-text\">Lire<\/span>\n\t\t\t\t\t<\/span>\n\t\t\t\t\t<\/a>\n\t\t\t\t<\/div>\n\t\t\t\t\t\t\t\t<\/div>\n\t\t\t\t<\/div>\n\t\t\t\t\t<\/div>\n\t\t<\/div>\n\t\t\t\t\t<\/div>\n\t\t<\/section>\n\t\t\t\t<section class=\"elementor-section elementor-top-section elementor-element elementor-element-63c71e8 elementor-section-boxed elementor-section-height-default elementor-section-height-default qodef-elementor-content-no\" data-id=\"63c71e8\" data-element_type=\"section\" data-settings=\"{&quot;background_background&quot;:&quot;classic&quot;}\">\n\t\t\t\t\t\t<div class=\"elementor-container elementor-column-gap-default\">\n\t\t\t\t\t<div class=\"elementor-column elementor-col-33 elementor-top-column elementor-element elementor-element-fe98525\" data-id=\"fe98525\" data-element_type=\"column\" data-settings=\"{&quot;background_background&quot;:&quot;classic&quot;}\">\n\t\t\t<div class=\"elementor-widget-wrap elementor-element-populated\">\n\t\t\t\t\t\t<div class=\"elementor-element elementor-element-1a5a7f0 elementor-widget elementor-widget-spacer\" data-id=\"1a5a7f0\" data-element_type=\"widget\" data-widget_type=\"spacer.default\">\n\t\t\t\t<div class=\"elementor-widget-container\">\n\t\t\t\t\t\t\t<div class=\"elementor-spacer\">\n\t\t\t<div class=\"elementor-spacer-inner\"><\/div>\n\t\t<\/div>\n\t\t\t\t\t\t<\/div>\n\t\t\t\t<\/div>\n\t\t\t\t\t<\/div>\n\t\t<\/div>\n\t\t\t\t<div class=\"elementor-column elementor-col-66 elementor-top-column elementor-element elementor-element-5d85077\" data-id=\"5d85077\" data-element_type=\"column\" data-settings=\"{&quot;background_background&quot;:&quot;classic&quot;}\">\n\t\t\t<div class=\"elementor-widget-wrap elementor-element-populated\">\n\t\t\t\t\t\t<div class=\"elementor-element elementor-element-fb41ff7 elementor-widget elementor-widget-heading\" data-id=\"fb41ff7\" data-element_type=\"widget\" data-widget_type=\"heading.default\">\n\t\t\t\t<div class=\"elementor-widget-container\">\n\t\t\t\t\t<h3 class=\"elementor-heading-title elementor-size-default\">La pratique amateure de la danse-th\u00e9\u00e2tre : outil de d\u00e9veloppement humain ? Repenser la m\u00e9diation en danse<\/h3>\t\t\t\t<\/div>\n\t\t\t\t<\/div>\n\t\t\t\t<div class=\"elementor-element elementor-element-4395bdc elementor-widget elementor-widget-text-editor\" data-id=\"4395bdc\" data-element_type=\"widget\" data-widget_type=\"text-editor.default\">\n\t\t\t\t<div class=\"elementor-widget-container\">\n\t\t\t\t\t\t\t\t\t<p><em>M\u00e9moire de recherche d&rsquo;Ad\u00e9lie Ester r\u00e9dig\u00e9 en 2023.<\/em><\/p><p><strong>Mots-clefs :<\/strong> Droits culturels, M\u00e9diation, Arts de la sc\u00e8ne, Cr\u00e9ation collective, Participation, Art communautaire.<\/p><p><strong>R\u00e9sum\u00e9 :<\/strong> <span style=\"font-size: 16px;\">La premie\u0300re partie de ce me\u0301moire est une immersion au sein de l\u2019association MOVE-arte para todos, a\u0300 Madrid, projet de cr\u00e9ation collective interg\u00e9n\u00e9rationelle. Une premie\u0300re occasion de de\u0301couvrir un paysage culturel et politique bien diffe\u0301rent de celui que l\u2019on observe en France. <\/span><span style=\"font-size: 16px;\">La deuxie\u0300me partie cherche \u00e0 d\u00e9terminer quelles pourraient \u00eatre les conditions permettant l\u2019e\u0301panouissement des participants-amateurs et du chore\u0301graphe-me\u0301diateur dans un projet de cre\u0301ation collective. Il s&rsquo;agira de de\u0301finir les rapports qu\u2019entretient un projet de danse-the\u0301a\u0302tre avec ses participants quand il pre\u0301tend favoriser l\u2019expression de leurs droits-culturels en se demandant par exemple si le terme \u201damateur\u201d est re\u0301ellement le terme le plus approprie\u0301 pour de\u0301signer ces participants. Pour cela, une attention particuli\u00e8re est port\u00e9e vers ce que le projet souhaite transmettre aux participants et a\u0300 la me\u0301thodologie mise en place pour y parvenir. Ces conside\u0301rations me\u0300neront enfin a\u0300 rede\u0301finir le ro\u0302le du me\u0301diateur-chore\u0301graphe dans un projet comme celui-ci.<\/span><\/p>\t\t\t\t\t\t\t\t<\/div>\n\t\t\t\t<\/div>\n\t\t\t\t<div class=\"elementor-element elementor-element-1e19a94 elementor-align-center elementor-widget elementor-widget-button\" data-id=\"1e19a94\" data-element_type=\"widget\" data-widget_type=\"button.default\">\n\t\t\t\t<div class=\"elementor-widget-container\">\n\t\t\t\t\t\t\t\t\t<div class=\"elementor-button-wrapper\">\n\t\t\t\t\t<a class=\"elementor-button elementor-button-link elementor-size-sm\" href=\"https:\/\/lesnuageux.org\/wp-content\/uploads\/2025\/01\/Adelie-Ester-La-pratique-amateur-de-la-danse-theatre_outil-de-dvp-humain.pdf\">\n\t\t\t\t\t\t<span class=\"elementor-button-content-wrapper\">\n\t\t\t\t\t\t\t\t\t<span class=\"elementor-button-text\">Lire<\/span>\n\t\t\t\t\t<\/span>\n\t\t\t\t\t<\/a>\n\t\t\t\t<\/div>\n\t\t\t\t\t\t\t\t<\/div>\n\t\t\t\t<\/div>\n\t\t\t\t\t<\/div>\n\t\t<\/div>\n\t\t\t\t\t<\/div>\n\t\t<\/section>\n\t\t\t\t<section class=\"elementor-section elementor-top-section elementor-element elementor-element-838abda elementor-section-boxed elementor-section-height-default elementor-section-height-default qodef-elementor-content-no\" data-id=\"838abda\" data-element_type=\"section\">\n\t\t\t\t\t\t<div class=\"elementor-container elementor-column-gap-default\">\n\t\t\t\t\t<div class=\"elementor-column elementor-col-100 elementor-top-column elementor-element elementor-element-20a785a\" data-id=\"20a785a\" data-element_type=\"column\">\n\t\t\t<div class=\"elementor-widget-wrap elementor-element-populated\">\n\t\t\t\t\t\t<div class=\"elementor-element elementor-element-cffe5cb elementor-widget elementor-widget-spacer\" data-id=\"cffe5cb\" data-element_type=\"widget\" data-widget_type=\"spacer.default\">\n\t\t\t\t<div class=\"elementor-widget-container\">\n\t\t\t\t\t\t\t<div class=\"elementor-spacer\">\n\t\t\t<div class=\"elementor-spacer-inner\"><\/div>\n\t\t<\/div>\n\t\t\t\t\t\t<\/div>\n\t\t\t\t<\/div>\n\t\t\t\t\t<\/div>\n\t\t<\/div>\n\t\t\t\t\t<\/div>\n\t\t<\/section>\n\t\t\t\t<\/div>\n\t\t","protected":false},"excerpt":{"rendered":"<p>Nous mettons \u00e0 votre disposition quelques ressources pour nourrir votre exploration du paysage culturel actuel et de ses enjeux. Ces [&hellip;]<\/p>\n","protected":false},"author":1,"featured_media":0,"parent":0,"menu_order":0,"comment_status":"closed","ping_status":"closed","template":"","meta":{"om_disable_all_campaigns":false,"_monsterinsights_skip_tracking":false,"_monsterinsights_sitenote_active":false,"_monsterinsights_sitenote_note":"","_monsterinsights_sitenote_category":0,"site-sidebar-layout":"no-sidebar","site-content-layout":"","ast-site-content-layout":"full-width-container","site-content-style":"default","site-sidebar-style":"default","ast-global-header-display":"","ast-banner-title-visibility":"","ast-main-header-display":"","ast-hfb-above-header-display":"","ast-hfb-below-header-display":"","ast-hfb-mobile-header-display":"","site-post-title":"disabled","ast-breadcrumbs-content":"","ast-featured-img":"disabled","footer-sml-layout":"","theme-transparent-header-meta":"","adv-header-id-meta":"","stick-header-meta":"","header-above-stick-meta":"","header-main-stick-meta":"","header-below-stick-meta":"","astra-migrate-meta-layouts":"default","ast-page-background-enabled":"default","ast-page-background-meta":{"desktop":{"background-color":"var(--ast-global-color-5)","background-image":"","background-repeat":"repeat","background-position":"center center","background-size":"auto","background-attachment":"scroll","background-type":"","background-media":"","overlay-type":"","overlay-color":"","overlay-opacity":"","overlay-gradient":""},"tablet":{"background-color":"","background-image":"","background-repeat":"repeat","background-position":"center center","background-size":"auto","background-attachment":"scroll","background-type":"","background-media":"","overlay-type":"","overlay-color":"","overlay-opacity":"","overlay-gradient":""},"mobile":{"background-color":"","background-image":"","background-repeat":"repeat","background-position":"center center","background-size":"auto","background-attachment":"scroll","background-type":"","background-media":"","overlay-type":"","overlay-color":"","overlay-opacity":"","overlay-gradient":""}},"ast-content-background-meta":{"desktop":{"background-color":"var(--ast-global-color-4)","background-image":"","background-repeat":"repeat","background-position":"center center","background-size":"auto","background-attachment":"scroll","background-type":"","background-media":"","overlay-type":"","overlay-color":"","overlay-opacity":"","overlay-gradient":""},"tablet":{"background-color":"var(--ast-global-color-4)","background-image":"","background-repeat":"repeat","background-position":"center center","background-size":"auto","background-attachment":"scroll","background-type":"","background-media":"","overlay-type":"","overlay-color":"","overlay-opacity":"","overlay-gradient":""},"mobile":{"background-color":"var(--ast-global-color-4)","background-image":"","background-repeat":"repeat","background-position":"center center","background-size":"auto","background-attachment":"scroll","background-type":"","background-media":"","overlay-type":"","overlay-color":"","overlay-opacity":"","overlay-gradient":""}},"footnotes":""},"class_list":["post-929","page","type-page","status-publish","hentry"],"aioseo_notices":[],"_links":{"self":[{"href":"https:\/\/lesnuageux.org\/index.php\/wp-json\/wp\/v2\/pages\/929"}],"collection":[{"href":"https:\/\/lesnuageux.org\/index.php\/wp-json\/wp\/v2\/pages"}],"about":[{"href":"https:\/\/lesnuageux.org\/index.php\/wp-json\/wp\/v2\/types\/page"}],"author":[{"embeddable":true,"href":"https:\/\/lesnuageux.org\/index.php\/wp-json\/wp\/v2\/users\/1"}],"replies":[{"embeddable":true,"href":"https:\/\/lesnuageux.org\/index.php\/wp-json\/wp\/v2\/comments?post=929"}],"version-history":[{"count":25,"href":"https:\/\/lesnuageux.org\/index.php\/wp-json\/wp\/v2\/pages\/929\/revisions"}],"predecessor-version":[{"id":1702,"href":"https:\/\/lesnuageux.org\/index.php\/wp-json\/wp\/v2\/pages\/929\/revisions\/1702"}],"wp:attachment":[{"href":"https:\/\/lesnuageux.org\/index.php\/wp-json\/wp\/v2\/media?parent=929"}],"curies":[{"name":"wp","href":"https:\/\/api.w.org\/{rel}","templated":true}]}}