{"id":931,"date":"2025-01-26T20:42:37","date_gmt":"2025-01-26T20:42:37","guid":{"rendered":"https:\/\/lesnuageux.org\/?page_id=931"},"modified":"2025-07-07T17:40:13","modified_gmt":"2025-07-07T17:40:13","slug":"contact","status":"publish","type":"page","link":"https:\/\/lesnuageux.org\/index.php\/contact\/","title":{"rendered":"Contact"},"content":{"rendered":"\t\t<div data-elementor-type=\"wp-page\" data-elementor-id=\"931\" class=\"elementor elementor-931\">\n\t\t\t\t\t\t<section class=\"elementor-section elementor-top-section elementor-element elementor-element-02efe0b elementor-section-boxed elementor-section-height-default elementor-section-height-default qodef-elementor-content-no\" data-id=\"02efe0b\" data-element_type=\"section\">\n\t\t\t\t\t\t<div class=\"elementor-container elementor-column-gap-default\">\n\t\t\t\t\t<div class=\"elementor-column elementor-col-100 elementor-top-column elementor-element elementor-element-aabfea9\" data-id=\"aabfea9\" data-element_type=\"column\">\n\t\t\t<div class=\"elementor-widget-wrap elementor-element-populated\">\n\t\t\t\t\t\t<div class=\"elementor-element elementor-element-b9332ac elementor-widget elementor-widget-image\" data-id=\"b9332ac\" data-element_type=\"widget\" data-widget_type=\"image.default\">\n\t\t\t\t<div class=\"elementor-widget-container\">\n\t\t\t\t\t\t\t\t\t\t\t\t\t\t\t<img fetchpriority=\"high\" decoding=\"async\" width=\"1024\" height=\"269\" src=\"https:\/\/lesnuageux.org\/wp-content\/uploads\/2025\/01\/1-9-e1738078128416-1024x269.png\" class=\"attachment-large size-large wp-image-1064\" alt=\"Contact\" srcset=\"https:\/\/lesnuageux.org\/wp-content\/uploads\/2025\/01\/1-9-e1738078128416-1024x269.png 1024w, https:\/\/lesnuageux.org\/wp-content\/uploads\/2025\/01\/1-9-e1738078128416-300x79.png 300w, https:\/\/lesnuageux.org\/wp-content\/uploads\/2025\/01\/1-9-e1738078128416-768x202.png 768w, https:\/\/lesnuageux.org\/wp-content\/uploads\/2025\/01\/1-9-e1738078128416.png 1080w\" sizes=\"(max-width: 1024px) 100vw, 1024px\" \/>\t\t\t\t\t\t\t\t\t\t\t\t\t\t\t<\/div>\n\t\t\t\t<\/div>\n\t\t\t\t\t<\/div>\n\t\t<\/div>\n\t\t\t\t\t<\/div>\n\t\t<\/section>\n\t\t\t\t<section class=\"elementor-section elementor-top-section elementor-element elementor-element-0743158 elementor-section-boxed elementor-section-height-default elementor-section-height-default qodef-elementor-content-no\" data-id=\"0743158\" data-element_type=\"section\">\n\t\t\t\t\t\t<div class=\"elementor-container elementor-column-gap-default\">\n\t\t\t\t\t<div class=\"elementor-column elementor-col-100 elementor-top-column elementor-element elementor-element-be94cf9\" data-id=\"be94cf9\" data-element_type=\"column\">\n\t\t\t<div class=\"elementor-widget-wrap elementor-element-populated\">\n\t\t\t\t\t\t<div class=\"elementor-element elementor-element-a08baf4 elementor-widget__width-initial elementor-widget elementor-widget-text-editor\" data-id=\"a08baf4\" data-element_type=\"widget\" data-widget_type=\"text-editor.default\">\n\t\t\t\t<div class=\"elementor-widget-container\">\n\t\t\t\t\t\t\t\t\t<p>Cette messagerie est faite pour entendre ce que vous avez \u00e0 dire, \u00e0 demander, \u00e0 proposer. Nous sommes \u00e0 l\u2019aff\u00fbt de nouvelles sensibilit\u00e9s, de collaborations et d&rsquo;id\u00e9es. N\u2019h\u00e9sitez jamais \u00e0 nous \u00e9crire ou nous t\u00e9l\u00e9phoner.<\/p>\t\t\t\t\t\t\t\t<\/div>\n\t\t\t\t<\/div>\n\t\t\t\t\t<\/div>\n\t\t<\/div>\n\t\t\t\t\t<\/div>\n\t\t<\/section>\n\t\t\t\t<section class=\"elementor-section elementor-top-section elementor-element elementor-element-b0de1e7 elementor-section-boxed elementor-section-height-default elementor-section-height-default qodef-elementor-content-no\" data-id=\"b0de1e7\" data-element_type=\"section\">\n\t\t\t\t\t\t<div class=\"elementor-container elementor-column-gap-default\">\n\t\t\t\t\t<div class=\"elementor-column elementor-col-100 elementor-top-column elementor-element elementor-element-7df75b7\" data-id=\"7df75b7\" data-element_type=\"column\">\n\t\t\t<div class=\"elementor-widget-wrap elementor-element-populated\">\n\t\t\t\t\t\t<div class=\"elementor-element elementor-element-f2c0693 elementor-widget elementor-widget-image\" data-id=\"f2c0693\" data-element_type=\"widget\" data-widget_type=\"image.default\">\n\t\t\t\t<div class=\"elementor-widget-container\">\n\t\t\t\t\t\t\t\t\t\t\t\t\t\t\t<img decoding=\"async\" width=\"1024\" height=\"1024\" src=\"https:\/\/lesnuageux.org\/wp-content\/uploads\/2025\/01\/21-1024x1024.png\" class=\"attachment-large size-large wp-image-1068\" alt=\"Arrobase signifiant une adresse mail\" srcset=\"https:\/\/lesnuageux.org\/wp-content\/uploads\/2025\/01\/21-1024x1024.png 1024w, https:\/\/lesnuageux.org\/wp-content\/uploads\/2025\/01\/21-300x300.png 300w, https:\/\/lesnuageux.org\/wp-content\/uploads\/2025\/01\/21-150x150.png 150w, https:\/\/lesnuageux.org\/wp-content\/uploads\/2025\/01\/21-768x768.png 768w, https:\/\/lesnuageux.org\/wp-content\/uploads\/2025\/01\/21-650x650.png 650w, https:\/\/lesnuageux.org\/wp-content\/uploads\/2025\/01\/21.png 1080w\" sizes=\"(max-width: 1024px) 100vw, 1024px\" \/>\t\t\t\t\t\t\t\t\t\t\t\t\t\t\t<\/div>\n\t\t\t\t<\/div>\n\t\t\t\t<div class=\"elementor-element elementor-element-22c47f7 elementor-widget elementor-widget-text-editor\" data-id=\"22c47f7\" data-element_type=\"widget\" data-widget_type=\"text-editor.default\">\n\t\t\t\t<div class=\"elementor-widget-container\">\n\t\t\t\t\t\t\t\t\t<p style=\"text-align: center;\"><strong>Infos ateliers, inscriptions :<\/strong> info@lesnuageux.org<br><strong>Propositions de collaboration, diffusion (Ad\u00e9lie Ester) :<\/strong> adelie.ester@lesnuageux.org<\/p>\t\t\t\t\t\t\t\t<\/div>\n\t\t\t\t<\/div>\n\t\t\t\t<div class=\"elementor-element elementor-element-c46e61a elementor-widget elementor-widget-image\" data-id=\"c46e61a\" data-element_type=\"widget\" data-widget_type=\"image.default\">\n\t\t\t\t<div class=\"elementor-widget-container\">\n\t\t\t\t\t\t\t\t\t\t\t\t\t\t\t<img decoding=\"async\" width=\"1024\" height=\"1024\" src=\"https:\/\/lesnuageux.org\/wp-content\/uploads\/2025\/01\/20-1024x1024.png\" class=\"attachment-large size-large wp-image-1067\" alt=\"T\u00e9l\u00e9phone\" srcset=\"https:\/\/lesnuageux.org\/wp-content\/uploads\/2025\/01\/20-1024x1024.png 1024w, https:\/\/lesnuageux.org\/wp-content\/uploads\/2025\/01\/20-300x300.png 300w, https:\/\/lesnuageux.org\/wp-content\/uploads\/2025\/01\/20-150x150.png 150w, https:\/\/lesnuageux.org\/wp-content\/uploads\/2025\/01\/20-768x768.png 768w, https:\/\/lesnuageux.org\/wp-content\/uploads\/2025\/01\/20-650x650.png 650w, https:\/\/lesnuageux.org\/wp-content\/uploads\/2025\/01\/20.png 1080w\" sizes=\"(max-width: 1024px) 100vw, 1024px\" \/>\t\t\t\t\t\t\t\t\t\t\t\t\t\t\t<\/div>\n\t\t\t\t<\/div>\n\t\t\t\t<div class=\"elementor-element elementor-element-5cd89ef elementor-widget elementor-widget-text-editor\" data-id=\"5cd89ef\" data-element_type=\"widget\" data-widget_type=\"text-editor.default\">\n\t\t\t\t<div class=\"elementor-widget-container\">\n\t\t\t\t\t\t\t\t\t<p style=\"text-align: center;\"><strong>Ad\u00e9lie Ester :<\/strong> +33 6 59 66 01 47<\/p>\t\t\t\t\t\t\t\t<\/div>\n\t\t\t\t<\/div>\n\t\t\t\t<div class=\"elementor-element elementor-element-6d59bc2 elementor-widget elementor-widget-image\" data-id=\"6d59bc2\" data-element_type=\"widget\" data-widget_type=\"image.default\">\n\t\t\t\t<div class=\"elementor-widget-container\">\n\t\t\t\t\t\t\t\t\t\t\t\t\t\t\t<img loading=\"lazy\" decoding=\"async\" width=\"1024\" height=\"1024\" src=\"https:\/\/lesnuageux.org\/wp-content\/uploads\/2025\/01\/19-1024x1024.png\" class=\"attachment-large size-large wp-image-1066\" alt=\"Lettre\" srcset=\"https:\/\/lesnuageux.org\/wp-content\/uploads\/2025\/01\/19-1024x1024.png 1024w, https:\/\/lesnuageux.org\/wp-content\/uploads\/2025\/01\/19-300x300.png 300w, https:\/\/lesnuageux.org\/wp-content\/uploads\/2025\/01\/19-150x150.png 150w, https:\/\/lesnuageux.org\/wp-content\/uploads\/2025\/01\/19-768x768.png 768w, https:\/\/lesnuageux.org\/wp-content\/uploads\/2025\/01\/19-650x650.png 650w, https:\/\/lesnuageux.org\/wp-content\/uploads\/2025\/01\/19.png 1080w\" sizes=\"(max-width: 1024px) 100vw, 1024px\" \/>\t\t\t\t\t\t\t\t\t\t\t\t\t\t\t<\/div>\n\t\t\t\t<\/div>\n\t\t\t\t<div class=\"elementor-element elementor-element-303b2f9 elementor-widget elementor-widget-text-editor\" data-id=\"303b2f9\" data-element_type=\"widget\" data-widget_type=\"text-editor.default\">\n\t\t\t\t<div class=\"elementor-widget-container\">\n\t\t\t\t\t\t\t\t\t<p style=\"text-align: center;\"><strong>Bo\u00eete aux lettres :<\/strong> 31, Faubourg des Balmettes 74000 Annecy<\/p>\t\t\t\t\t\t\t\t<\/div>\n\t\t\t\t<\/div>\n\t\t\t\t\t<\/div>\n\t\t<\/div>\n\t\t\t\t\t<\/div>\n\t\t<\/section>\n\t\t\t\t<section class=\"elementor-section elementor-top-section elementor-element elementor-element-1439a22 elementor-section-boxed elementor-section-height-default elementor-section-height-default qodef-elementor-content-no\" data-id=\"1439a22\" data-element_type=\"section\">\n\t\t\t\t\t\t<div class=\"elementor-container elementor-column-gap-default\">\n\t\t\t\t\t<div class=\"elementor-column elementor-col-100 elementor-top-column elementor-element elementor-element-e5ccf94\" data-id=\"e5ccf94\" data-element_type=\"column\">\n\t\t\t<div class=\"elementor-widget-wrap elementor-element-populated\">\n\t\t\t\t\t\t<div class=\"elementor-element elementor-element-501f4b4 elementor-widget elementor-widget-image\" data-id=\"501f4b4\" data-element_type=\"widget\" data-widget_type=\"image.default\">\n\t\t\t\t<div class=\"elementor-widget-container\">\n\t\t\t\t\t\t\t\t\t\t\t\t\t\t\t\t<a href=\"https:\/\/www.instagram.com\/lesnuageux\/\">\n\t\t\t\t\t\t\t<img loading=\"lazy\" decoding=\"async\" width=\"1024\" height=\"310\" src=\"https:\/\/lesnuageux.org\/wp-content\/uploads\/2025\/01\/15-e1738058416559-1024x310.png\" class=\"attachment-large size-large wp-image-980\" alt=\"Suivez-nous sur Instagram\" srcset=\"https:\/\/lesnuageux.org\/wp-content\/uploads\/2025\/01\/15-e1738058416559-1024x310.png 1024w, https:\/\/lesnuageux.org\/wp-content\/uploads\/2025\/01\/15-e1738058416559-300x91.png 300w, https:\/\/lesnuageux.org\/wp-content\/uploads\/2025\/01\/15-e1738058416559-768x233.png 768w, https:\/\/lesnuageux.org\/wp-content\/uploads\/2025\/01\/15-e1738058416559.png 1080w\" sizes=\"(max-width: 1024px) 100vw, 1024px\" \/>\t\t\t\t\t\t\t\t<\/a>\n\t\t\t\t\t\t\t\t\t\t\t\t\t\t\t<\/div>\n\t\t\t\t<\/div>\n\t\t\t\t<div class=\"elementor-element elementor-element-aa81aa3 elementor-widget elementor-widget-spacer\" data-id=\"aa81aa3\" data-element_type=\"widget\" data-widget_type=\"spacer.default\">\n\t\t\t\t<div class=\"elementor-widget-container\">\n\t\t\t\t\t\t\t<div class=\"elementor-spacer\">\n\t\t\t<div class=\"elementor-spacer-inner\"><\/div>\n\t\t<\/div>\n\t\t\t\t\t\t<\/div>\n\t\t\t\t<\/div>\n\t\t\t\t\t<\/div>\n\t\t<\/div>\n\t\t\t\t\t<\/div>\n\t\t<\/section>\n\t\t\t\t<\/div>\n\t\t","protected":false},"excerpt":{"rendered":"<p>Cette messagerie est faite pour entendre ce que vous avez \u00e0 dire, \u00e0 demander, \u00e0 proposer. Nous sommes \u00e0 l\u2019aff\u00fbt [&hellip;]<\/p>\n","protected":false},"author":1,"featured_media":0,"parent":0,"menu_order":0,"comment_status":"closed","ping_status":"closed","template":"","meta":{"om_disable_all_campaigns":false,"_monsterinsights_skip_tracking":false,"_monsterinsights_sitenote_active":false,"_monsterinsights_sitenote_note":"","_monsterinsights_sitenote_category":0,"site-sidebar-layout":"no-sidebar","site-content-layout":"","ast-site-content-layout":"full-width-container","site-content-style":"default","site-sidebar-style":"default","ast-global-header-display":"","ast-banner-title-visibility":"","ast-main-header-display":"","ast-hfb-above-header-display":"","ast-hfb-below-header-display":"","ast-hfb-mobile-header-display":"","site-post-title":"disabled","ast-breadcrumbs-content":"","ast-featured-img":"disabled","footer-sml-layout":"","theme-transparent-header-meta":"","adv-header-id-meta":"","stick-header-meta":"","header-above-stick-meta":"","header-main-stick-meta":"","header-below-stick-meta":"","astra-migrate-meta-layouts":"default","ast-page-background-enabled":"default","ast-page-background-meta":{"desktop":{"background-color":"var(--ast-global-color-5)","background-image":"","background-repeat":"repeat","background-position":"center center","background-size":"auto","background-attachment":"scroll","background-type":"","background-media":"","overlay-type":"","overlay-color":"","overlay-opacity":"","overlay-gradient":""},"tablet":{"background-color":"","background-image":"","background-repeat":"repeat","background-position":"center center","background-size":"auto","background-attachment":"scroll","background-type":"","background-media":"","overlay-type":"","overlay-color":"","overlay-opacity":"","overlay-gradient":""},"mobile":{"background-color":"","background-image":"","background-repeat":"repeat","background-position":"center center","background-size":"auto","background-attachment":"scroll","background-type":"","background-media":"","overlay-type":"","overlay-color":"","overlay-opacity":"","overlay-gradient":""}},"ast-content-background-meta":{"desktop":{"background-color":"var(--ast-global-color-4)","background-image":"","background-repeat":"repeat","background-position":"center center","background-size":"auto","background-attachment":"scroll","background-type":"","background-media":"","overlay-type":"","overlay-color":"","overlay-opacity":"","overlay-gradient":""},"tablet":{"background-color":"var(--ast-global-color-4)","background-image":"","background-repeat":"repeat","background-position":"center center","background-size":"auto","background-attachment":"scroll","background-type":"","background-media":"","overlay-type":"","overlay-color":"","overlay-opacity":"","overlay-gradient":""},"mobile":{"background-color":"var(--ast-global-color-4)","background-image":"","background-repeat":"repeat","background-position":"center center","background-size":"auto","background-attachment":"scroll","background-type":"","background-media":"","overlay-type":"","overlay-color":"","overlay-opacity":"","overlay-gradient":""}},"footnotes":""},"class_list":["post-931","page","type-page","status-publish","hentry"],"aioseo_notices":[],"_links":{"self":[{"href":"https:\/\/lesnuageux.org\/index.php\/wp-json\/wp\/v2\/pages\/931"}],"collection":[{"href":"https:\/\/lesnuageux.org\/index.php\/wp-json\/wp\/v2\/pages"}],"about":[{"href":"https:\/\/lesnuageux.org\/index.php\/wp-json\/wp\/v2\/types\/page"}],"author":[{"embeddable":true,"href":"https:\/\/lesnuageux.org\/index.php\/wp-json\/wp\/v2\/users\/1"}],"replies":[{"embeddable":true,"href":"https:\/\/lesnuageux.org\/index.php\/wp-json\/wp\/v2\/comments?post=931"}],"version-history":[{"count":10,"href":"https:\/\/lesnuageux.org\/index.php\/wp-json\/wp\/v2\/pages\/931\/revisions"}],"predecessor-version":[{"id":1694,"href":"https:\/\/lesnuageux.org\/index.php\/wp-json\/wp\/v2\/pages\/931\/revisions\/1694"}],"wp:attachment":[{"href":"https:\/\/lesnuageux.org\/index.php\/wp-json\/wp\/v2\/media?parent=931"}],"curies":[{"name":"wp","href":"https:\/\/api.w.org\/{rel}","templated":true}]}}